{"id":1272,"date":"2024-11-15T02:18:24","date_gmt":"2024-11-15T01:18:24","guid":{"rendered":"http:\/\/donvital.de\/?page_id=1272"},"modified":"2024-11-18T03:29:41","modified_gmt":"2024-11-18T02:29:41","slug":"ueber-uns","status":"publish","type":"page","link":"https:\/\/donvital.de\/?page_id=1272","title":{"rendered":"\u00dcber uns"},"content":{"rendered":"\t\t<div data-elementor-type=\"wp-post\" data-elementor-id=\"1272\" class=\"elementor elementor-1272\">\n\t\t\t\t<div class=\"elementor-element elementor-element-6edae6e e-con-full e-flex e-con e-parent\" data-id=\"6edae6e\" data-element_type=\"container\" data-e-type=\"container\" data-settings=\"{&quot;background_background&quot;:&quot;classic&quot;}\">\n\t\t\t\t<\/div>\n\t\t<div class=\"elementor-element elementor-element-11727bd e-flex e-con-boxed e-con e-parent\" data-id=\"11727bd\" data-element_type=\"container\" data-e-type=\"container\">\n\t\t\t\t\t<div class=\"e-con-inner\">\n\t\t<div class=\"elementor-element elementor-element-ebbfd77 e-con-full e-flex e-con e-child\" data-id=\"ebbfd77\" data-element_type=\"container\" data-e-type=\"container\">\n\t\t\t\t<div class=\"elementor-element elementor-element-cedac23 bienvenida-encabezado elementor-widget elementor-widget-heading\" data-id=\"cedac23\" data-element_type=\"widget\" data-e-type=\"widget\" data-widget_type=\"heading.default\">\n\t\t\t\t<div class=\"elementor-widget-container\">\n\t\t\t\t\t<h1 class=\"elementor-heading-title elementor-size-default\"><span class=\"don\"> \u00dcber<\/span> <span class=\"vital\">Uns<\/span><\/h1>\t\t\t\t<\/div>\n\t\t\t\t<\/div>\n\t\t\t\t<div class=\"elementor-element elementor-element-36b89aa bienvenida-encabezado elementor-widget elementor-widget-text-editor\" data-id=\"36b89aa\" data-element_type=\"widget\" data-e-type=\"widget\" id=\"bienvenida-encabezado\" data-widget_type=\"text-editor.default\">\n\t\t\t\t<div class=\"elementor-widget-container\">\n\t\t\t\t\t\t\t\t\t<section>\n<div>\n\nDie Familie Bernauer entschied sich vor \u00fcber zwei Jahrzehnten nach Spanien auszuwandern, um dort einen eigenen landwirtschaftlichen Betrieb in Andalusien zu bewirtschaften, der sonnenreichsten Region Europas.\n\nDurch die mit der Zeit gewonnen Erfahrung und der langj\u00e4hrigen und vertrauensvollen Zusammenarbeit mit den benachbarten Landwirten k\u00f6nnen wir dem Verbraucher reif geerntete Orangen und Clementinen mit einem unvergesslich s\u00fc\u00dfen und saftigen Geschmack anbieten, die unter der Marke \u201e<span class=\"don\">Don<\/span> <span class=\"vital\">Vital<\/span>\u201c\u00a0vertrieben werden.\n\n<\/div>\n<\/section>\t\t\t\t\t\t\t\t<\/div>\n\t\t\t\t<\/div>\n\t\t\t\t<\/div>\n\t\t<div class=\"elementor-element elementor-element-34bf199 e-con-full e-flex e-con e-child\" data-id=\"34bf199\" data-element_type=\"container\" data-e-type=\"container\">\n\t\t\t\t<div class=\"elementor-element elementor-element-92ae367 elementor-widget elementor-widget-image\" data-id=\"92ae367\" data-element_type=\"widget\" data-e-type=\"widget\" data-widget_type=\"image.default\">\n\t\t\t\t<div class=\"elementor-widget-container\">\n\t\t\t\t\t\t\t\t\t\t\t\t\t\t\t<img fetchpriority=\"high\" decoding=\"async\" width=\"500\" height=\"375\" src=\"https:\/\/donvital.de\/wp-content\/uploads\/2024\/11\/arbeiter-orangen-ernte-don-vital.jpg\" class=\"attachment-large size-large wp-image-1282\" alt=\"Kisten mit frisch geernteten Orangen auf den Feldern von Don Vital, Andalusien\" srcset=\"https:\/\/donvital.de\/wp-content\/uploads\/2024\/11\/arbeiter-orangen-ernte-don-vital.jpg 500w, https:\/\/donvital.de\/wp-content\/uploads\/2024\/11\/arbeiter-orangen-ernte-don-vital-300x225.jpg 300w\" sizes=\"(max-width: 500px) 100vw, 500px\" \/>\t\t\t\t\t\t\t\t\t\t\t\t\t\t\t<\/div>\n\t\t\t\t<\/div>\n\t\t\t\t<\/div>\n\t\t\t\t\t<\/div>\n\t\t\t\t<\/div>\n\t\t<div class=\"elementor-element elementor-element-97fa397 e-con-full e-flex e-con e-parent\" data-id=\"97fa397\" data-element_type=\"container\" data-e-type=\"container\" data-settings=\"{&quot;background_background&quot;:&quot;classic&quot;}\">\n\t\t\t\t<\/div>\n\t\t\t\t<\/div>\n\t\t","protected":false},"excerpt":{"rendered":"<p>\u00dcber Uns Die Familie Bernauer entschied sich vor \u00fcber zwei Jahrzehnten nach Spanien auszuwandern, um dort einen eigenen landwirtschaftlichen Betrieb in Andalusien zu bewirtschaften, der sonnenreichsten Region Europas. Durch die mit der Zeit gewonnen Erfahrung und der langj\u00e4hrigen und vertrauensvollen Zusammenarbeit mit den benachbarten Landwirten k\u00f6nnen wir dem Verbraucher reif geerntete Orangen und Clementinen mit [&hellip;]<\/p>\n","protected":false},"author":1,"featured_media":0,"parent":0,"menu_order":0,"comment_status":"closed","ping_status":"closed","template":"elementor_header_footer","meta":{"ocean_post_layout":"full-width","ocean_both_sidebars_style":"","ocean_both_sidebars_content_width":0,"ocean_both_sidebars_sidebars_width":0,"ocean_sidebar":"","ocean_second_sidebar":"","ocean_disable_margins":"enable","ocean_add_body_class":"","ocean_shortcode_before_top_bar":"","ocean_shortcode_after_top_bar":"","ocean_shortcode_before_header":"","ocean_shortcode_after_header":"","ocean_has_shortcode":"","ocean_shortcode_after_title":"","ocean_shortcode_before_footer_widgets":"","ocean_shortcode_after_footer_widgets":"","ocean_shortcode_before_footer_bottom":"","ocean_shortcode_after_footer_bottom":"","ocean_display_top_bar":"default","ocean_display_header":"default","ocean_header_style":"","ocean_center_header_left_menu":"","ocean_custom_header_template":"","ocean_custom_logo":0,"ocean_custom_retina_logo":0,"ocean_custom_logo_max_width":0,"ocean_custom_logo_tablet_max_width":0,"ocean_custom_logo_mobile_max_width":0,"ocean_custom_logo_max_height":0,"ocean_custom_logo_tablet_max_height":0,"ocean_custom_logo_mobile_max_height":0,"ocean_header_custom_menu":"","ocean_menu_typo_font_family":"","ocean_menu_typo_font_subset":"","ocean_menu_typo_font_size":0,"ocean_menu_typo_font_size_tablet":0,"ocean_menu_typo_font_size_mobile":0,"ocean_menu_typo_font_size_unit":"px","ocean_menu_typo_font_weight":"","ocean_menu_typo_font_weight_tablet":"","ocean_menu_typo_font_weight_mobile":"","ocean_menu_typo_transform":"","ocean_menu_typo_transform_tablet":"","ocean_menu_typo_transform_mobile":"","ocean_menu_typo_line_height":0,"ocean_menu_typo_line_height_tablet":0,"ocean_menu_typo_line_height_mobile":0,"ocean_menu_typo_line_height_unit":"","ocean_menu_typo_spacing":0,"ocean_menu_typo_spacing_tablet":0,"ocean_menu_typo_spacing_mobile":0,"ocean_menu_typo_spacing_unit":"","ocean_menu_link_color":"","ocean_menu_link_color_hover":"","ocean_menu_link_color_active":"","ocean_menu_link_background":"","ocean_menu_link_hover_background":"","ocean_menu_link_active_background":"","ocean_menu_social_links_bg":"","ocean_menu_social_hover_links_bg":"","ocean_menu_social_links_color":"","ocean_menu_social_hover_links_color":"","ocean_disable_title":"on","ocean_disable_heading":"default","ocean_post_title":"","ocean_post_subheading":"","ocean_post_title_style":"","ocean_post_title_background_color":"","ocean_post_title_background":0,"ocean_post_title_bg_image_position":"","ocean_post_title_bg_image_attachment":"","ocean_post_title_bg_image_repeat":"","ocean_post_title_bg_image_size":"","ocean_post_title_height":0,"ocean_post_title_bg_overlay":0.5,"ocean_post_title_bg_overlay_color":"","ocean_disable_breadcrumbs":"default","ocean_breadcrumbs_color":"","ocean_breadcrumbs_separator_color":"","ocean_breadcrumbs_links_color":"","ocean_breadcrumbs_links_hover_color":"","ocean_display_footer_widgets":"default","ocean_display_footer_bottom":"default","ocean_custom_footer_template":"","footnotes":""},"class_list":["post-1272","page","type-page","status-publish","hentry","entry"],"yoast_head":"<!-- This site is optimized with the Yoast SEO plugin v27.4 - https:\/\/yoast.com\/product\/yoast-seo-wordpress\/ -->\n<title>\u00dcber Uns - Die Geschichte von Don Vital und der Familie Bernauer<\/title>\n<meta name=\"description\" content=\"Die Familie Bernauer ist seit \u00fcber 20 Jahren in Andalusien und bietet s\u00fc\u00dfe Orangen und Clementinen an. Erfahren Sie mehr \u00fcber Don Vital.\" \/>\n<meta name=\"robots\" content=\"index, follow, max-snippet:-1, max-image-preview:large, max-video-preview:-1\" \/>\n<link rel=\"canonical\" href=\"https:\/\/donvital.de\/?page_id=1272\" \/>\n<meta property=\"og:locale\" content=\"de_DE\" \/>\n<meta property=\"og:type\" content=\"article\" \/>\n<meta property=\"og:title\" content=\"\u00dcber Uns - Die Geschichte von Don Vital und der Familie Bernauer\" \/>\n<meta property=\"og:description\" content=\"Die Familie Bernauer ist seit \u00fcber 20 Jahren in Andalusien und bietet s\u00fc\u00dfe Orangen und Clementinen an. Erfahren Sie mehr \u00fcber Don Vital.\" \/>\n<meta property=\"og:url\" content=\"https:\/\/donvital.de\/?page_id=1272\" \/>\n<meta property=\"og:site_name\" content=\"Don Vital\" \/>\n<meta property=\"article:modified_time\" content=\"2024-11-18T02:29:41+00:00\" \/>\n<meta property=\"og:image\" content=\"http:\/\/donvital.de\/wp-content\/uploads\/2024\/11\/arbeiter-orangen-ernte-don-vital.jpg\" \/>\n<meta name=\"twitter:card\" content=\"summary_large_image\" \/>\n<meta name=\"twitter:label1\" content=\"Gesch\u00e4tzte Lesezeit\" \/>\n\t<meta name=\"twitter:data1\" content=\"1\u00a0Minute\" \/>\n<script type=\"application\/ld+json\" class=\"yoast-schema-graph\">{\"@context\":\"https:\\\/\\\/schema.org\",\"@graph\":[{\"@type\":\"WebPage\",\"@id\":\"https:\\\/\\\/donvital.de\\\/?page_id=1272\",\"url\":\"https:\\\/\\\/donvital.de\\\/?page_id=1272\",\"name\":\"\u00dcber Uns - Die Geschichte von Don Vital und der Familie Bernauer\",\"isPartOf\":{\"@id\":\"https:\\\/\\\/donvital.de\\\/#website\"},\"primaryImageOfPage\":{\"@id\":\"https:\\\/\\\/donvital.de\\\/?page_id=1272#primaryimage\"},\"image\":{\"@id\":\"https:\\\/\\\/donvital.de\\\/?page_id=1272#primaryimage\"},\"thumbnailUrl\":\"http:\\\/\\\/donvital.de\\\/wp-content\\\/uploads\\\/2024\\\/11\\\/arbeiter-orangen-ernte-don-vital.jpg\",\"datePublished\":\"2024-11-15T01:18:24+00:00\",\"dateModified\":\"2024-11-18T02:29:41+00:00\",\"description\":\"Die Familie Bernauer ist seit \u00fcber 20 Jahren in Andalusien und bietet s\u00fc\u00dfe Orangen und Clementinen an. Erfahren Sie mehr \u00fcber Don Vital.\",\"breadcrumb\":{\"@id\":\"https:\\\/\\\/donvital.de\\\/?page_id=1272#breadcrumb\"},\"inLanguage\":\"de\",\"potentialAction\":[{\"@type\":\"ReadAction\",\"target\":[\"https:\\\/\\\/donvital.de\\\/?page_id=1272\"]}]},{\"@type\":\"ImageObject\",\"inLanguage\":\"de\",\"@id\":\"https:\\\/\\\/donvital.de\\\/?page_id=1272#primaryimage\",\"url\":\"https:\\\/\\\/donvital.de\\\/wp-content\\\/uploads\\\/2024\\\/11\\\/arbeiter-orangen-ernte-don-vital.jpg\",\"contentUrl\":\"https:\\\/\\\/donvital.de\\\/wp-content\\\/uploads\\\/2024\\\/11\\\/arbeiter-orangen-ernte-don-vital.jpg\",\"width\":500,\"height\":375,\"caption\":\"Kisten voller frisch geernteter Orangen, bereit f\u00fcr die Verteilung\"},{\"@type\":\"BreadcrumbList\",\"@id\":\"https:\\\/\\\/donvital.de\\\/?page_id=1272#breadcrumb\",\"itemListElement\":[{\"@type\":\"ListItem\",\"position\":1,\"name\":\"Portada\",\"item\":\"https:\\\/\\\/donvital.de\\\/\"},{\"@type\":\"ListItem\",\"position\":2,\"name\":\"\u00dcber uns\"}]},{\"@type\":\"WebSite\",\"@id\":\"https:\\\/\\\/donvital.de\\\/#website\",\"url\":\"https:\\\/\\\/donvital.de\\\/\",\"name\":\"Don Vital\",\"description\":\"Qualit\u00e4tsprodukte aus Andalusien\",\"publisher\":{\"@id\":\"https:\\\/\\\/donvital.de\\\/#organization\"},\"potentialAction\":[{\"@type\":\"SearchAction\",\"target\":{\"@type\":\"EntryPoint\",\"urlTemplate\":\"https:\\\/\\\/donvital.de\\\/?s={search_term_string}\"},\"query-input\":{\"@type\":\"PropertyValueSpecification\",\"valueRequired\":true,\"valueName\":\"search_term_string\"}}],\"inLanguage\":\"de\"},{\"@type\":\"Organization\",\"@id\":\"https:\\\/\\\/donvital.de\\\/#organization\",\"name\":\"Don Vital\",\"url\":\"https:\\\/\\\/donvital.de\\\/\",\"logo\":{\"@type\":\"ImageObject\",\"inLanguage\":\"de\",\"@id\":\"https:\\\/\\\/donvital.de\\\/#\\\/schema\\\/logo\\\/image\\\/\",\"url\":\"https:\\\/\\\/donvital.de\\\/wp-content\\\/uploads\\\/2024\\\/11\\\/cropped-logo-u214.png\",\"contentUrl\":\"https:\\\/\\\/donvital.de\\\/wp-content\\\/uploads\\\/2024\\\/11\\\/cropped-logo-u214.png\",\"width\":281,\"height\":104,\"caption\":\"Don Vital\"},\"image\":{\"@id\":\"https:\\\/\\\/donvital.de\\\/#\\\/schema\\\/logo\\\/image\\\/\"}}]}<\/script>\n<!-- \/ Yoast SEO plugin. -->","yoast_head_json":{"title":"\u00dcber Uns - Die Geschichte von Don Vital und der Familie Bernauer","description":"Die Familie Bernauer ist seit \u00fcber 20 Jahren in Andalusien und bietet s\u00fc\u00dfe Orangen und Clementinen an. Erfahren Sie mehr \u00fcber Don Vital.","robots":{"index":"index","follow":"follow","max-snippet":"max-snippet:-1","max-image-preview":"max-image-preview:large","max-video-preview":"max-video-preview:-1"},"canonical":"https:\/\/donvital.de\/?page_id=1272","og_locale":"de_DE","og_type":"article","og_title":"\u00dcber Uns - Die Geschichte von Don Vital und der Familie Bernauer","og_description":"Die Familie Bernauer ist seit \u00fcber 20 Jahren in Andalusien und bietet s\u00fc\u00dfe Orangen und Clementinen an. Erfahren Sie mehr \u00fcber Don Vital.","og_url":"https:\/\/donvital.de\/?page_id=1272","og_site_name":"Don Vital","article_modified_time":"2024-11-18T02:29:41+00:00","og_image":[{"url":"http:\/\/donvital.de\/wp-content\/uploads\/2024\/11\/arbeiter-orangen-ernte-don-vital.jpg","type":"","width":"","height":""}],"twitter_card":"summary_large_image","twitter_misc":{"Gesch\u00e4tzte Lesezeit":"1\u00a0Minute"},"schema":{"@context":"https:\/\/schema.org","@graph":[{"@type":"WebPage","@id":"https:\/\/donvital.de\/?page_id=1272","url":"https:\/\/donvital.de\/?page_id=1272","name":"\u00dcber Uns - Die Geschichte von Don Vital und der Familie Bernauer","isPartOf":{"@id":"https:\/\/donvital.de\/#website"},"primaryImageOfPage":{"@id":"https:\/\/donvital.de\/?page_id=1272#primaryimage"},"image":{"@id":"https:\/\/donvital.de\/?page_id=1272#primaryimage"},"thumbnailUrl":"http:\/\/donvital.de\/wp-content\/uploads\/2024\/11\/arbeiter-orangen-ernte-don-vital.jpg","datePublished":"2024-11-15T01:18:24+00:00","dateModified":"2024-11-18T02:29:41+00:00","description":"Die Familie Bernauer ist seit \u00fcber 20 Jahren in Andalusien und bietet s\u00fc\u00dfe Orangen und Clementinen an. Erfahren Sie mehr \u00fcber Don Vital.","breadcrumb":{"@id":"https:\/\/donvital.de\/?page_id=1272#breadcrumb"},"inLanguage":"de","potentialAction":[{"@type":"ReadAction","target":["https:\/\/donvital.de\/?page_id=1272"]}]},{"@type":"ImageObject","inLanguage":"de","@id":"https:\/\/donvital.de\/?page_id=1272#primaryimage","url":"https:\/\/donvital.de\/wp-content\/uploads\/2024\/11\/arbeiter-orangen-ernte-don-vital.jpg","contentUrl":"https:\/\/donvital.de\/wp-content\/uploads\/2024\/11\/arbeiter-orangen-ernte-don-vital.jpg","width":500,"height":375,"caption":"Kisten voller frisch geernteter Orangen, bereit f\u00fcr die Verteilung"},{"@type":"BreadcrumbList","@id":"https:\/\/donvital.de\/?page_id=1272#breadcrumb","itemListElement":[{"@type":"ListItem","position":1,"name":"Portada","item":"https:\/\/donvital.de\/"},{"@type":"ListItem","position":2,"name":"\u00dcber uns"}]},{"@type":"WebSite","@id":"https:\/\/donvital.de\/#website","url":"https:\/\/donvital.de\/","name":"Don Vital","description":"Qualit\u00e4tsprodukte aus Andalusien","publisher":{"@id":"https:\/\/donvital.de\/#organization"},"potentialAction":[{"@type":"SearchAction","target":{"@type":"EntryPoint","urlTemplate":"https:\/\/donvital.de\/?s={search_term_string}"},"query-input":{"@type":"PropertyValueSpecification","valueRequired":true,"valueName":"search_term_string"}}],"inLanguage":"de"},{"@type":"Organization","@id":"https:\/\/donvital.de\/#organization","name":"Don Vital","url":"https:\/\/donvital.de\/","logo":{"@type":"ImageObject","inLanguage":"de","@id":"https:\/\/donvital.de\/#\/schema\/logo\/image\/","url":"https:\/\/donvital.de\/wp-content\/uploads\/2024\/11\/cropped-logo-u214.png","contentUrl":"https:\/\/donvital.de\/wp-content\/uploads\/2024\/11\/cropped-logo-u214.png","width":281,"height":104,"caption":"Don Vital"},"image":{"@id":"https:\/\/donvital.de\/#\/schema\/logo\/image\/"}}]}},"_links":{"self":[{"href":"https:\/\/donvital.de\/index.php?rest_route=\/wp\/v2\/pages\/1272","targetHints":{"allow":["GET"]}}],"collection":[{"href":"https:\/\/donvital.de\/index.php?rest_route=\/wp\/v2\/pages"}],"about":[{"href":"https:\/\/donvital.de\/index.php?rest_route=\/wp\/v2\/types\/page"}],"author":[{"embeddable":true,"href":"https:\/\/donvital.de\/index.php?rest_route=\/wp\/v2\/users\/1"}],"replies":[{"embeddable":true,"href":"https:\/\/donvital.de\/index.php?rest_route=%2Fwp%2Fv2%2Fcomments&post=1272"}],"version-history":[{"count":37,"href":"https:\/\/donvital.de\/index.php?rest_route=\/wp\/v2\/pages\/1272\/revisions"}],"predecessor-version":[{"id":2305,"href":"https:\/\/donvital.de\/index.php?rest_route=\/wp\/v2\/pages\/1272\/revisions\/2305"}],"wp:attachment":[{"href":"https:\/\/donvital.de\/index.php?rest_route=%2Fwp%2Fv2%2Fmedia&parent=1272"}],"curies":[{"name":"wp","href":"https:\/\/api.w.org\/{rel}","templated":true}]}}