{"id":1298,"date":"2024-11-15T02:59:38","date_gmt":"2024-11-15T01:59:38","guid":{"rendered":"http:\/\/donvital.de\/?page_id=1298"},"modified":"2024-11-15T05:37:04","modified_gmt":"2024-11-15T04:37:04","slug":"sobre-nosotros","status":"publish","type":"page","link":"https:\/\/donvital.de\/?page_id=1298&lang=es","title":{"rendered":"Sobre Nosotros"},"content":{"rendered":"\t\t<div data-elementor-type=\"wp-post\" data-elementor-id=\"1298\" class=\"elementor elementor-1298\">\n\t\t\t\t<div class=\"elementor-element elementor-element-6edae6e e-con-full e-flex e-con e-parent\" data-id=\"6edae6e\" data-element_type=\"container\" data-e-type=\"container\" data-settings=\"{&quot;background_background&quot;:&quot;classic&quot;}\">\n\t\t\t\t<\/div>\n\t\t<div class=\"elementor-element elementor-element-11727bd e-flex e-con-boxed e-con e-parent\" data-id=\"11727bd\" data-element_type=\"container\" data-e-type=\"container\">\n\t\t\t\t\t<div class=\"e-con-inner\">\n\t\t<div class=\"elementor-element elementor-element-ebbfd77 e-con-full e-flex e-con e-child\" data-id=\"ebbfd77\" data-element_type=\"container\" data-e-type=\"container\">\n\t\t\t\t<div class=\"elementor-element elementor-element-cedac23 bienvenida-encabezado elementor-widget elementor-widget-heading\" data-id=\"cedac23\" data-element_type=\"widget\" data-e-type=\"widget\" data-widget_type=\"heading.default\">\n\t\t\t\t<div class=\"elementor-widget-container\">\n\t\t\t\t\t<h1 class=\"elementor-heading-title elementor-size-default\"><span class=\"don\"> Sobre <\/span> <span class=\"vital\">Nosotros<\/span><\/h1>\t\t\t\t<\/div>\n\t\t\t\t<\/div>\n\t\t\t\t<div class=\"elementor-element elementor-element-36b89aa bienvenida-encabezado elementor-widget elementor-widget-text-editor\" data-id=\"36b89aa\" data-element_type=\"widget\" data-e-type=\"widget\" id=\"bienvenida-encabezado\" data-widget_type=\"text-editor.default\">\n\t\t\t\t<div class=\"elementor-widget-container\">\n\t\t\t\t\t\t\t\t\t<section class=\"av_textblock_section\">\n<div class=\"avia_textblock \">\n\nLa familia Bernauer decidi\u00f3 emigrar a Espa\u00f1a hace m\u00e1s de dos d\u00e9cadas para tener su propia granja en Andaluc\u00eda, la regi\u00f3n m\u00e1s soleada de Europa.\n\nGracias a la experiencia adquirida a lo largo del tiempo y a la cooperaci\u00f3n duradera y de confianza con los agricultores locales, podemos ofrecer al consumidor naranjas y clementinas maduras de inolvidable sabor, dulce y jugoso, que se comercializan bajo la marca\u00a0<span class=\"don\"> a Don<\/span> <span class=\"vital\">Vital<\/span>\n\n<\/div>\n<\/section>\t\t\t\t\t\t\t\t<\/div>\n\t\t\t\t<\/div>\n\t\t\t\t<\/div>\n\t\t<div class=\"elementor-element elementor-element-34bf199 e-con-full e-flex e-con e-child\" data-id=\"34bf199\" data-element_type=\"container\" data-e-type=\"container\">\n\t\t\t\t<div class=\"elementor-element elementor-element-92ae367 elementor-widget elementor-widget-image\" data-id=\"92ae367\" data-element_type=\"widget\" data-e-type=\"widget\" data-widget_type=\"image.default\">\n\t\t\t\t<div class=\"elementor-widget-container\">\n\t\t\t\t\t\t\t\t\t\t\t\t\t\t\t<img fetchpriority=\"high\" decoding=\"async\" width=\"500\" height=\"375\" src=\"https:\/\/donvital.de\/wp-content\/uploads\/2024\/11\/P1160341-1.jpg\" class=\"attachment-large size-large wp-image-1303\" alt=\"Trabajadores recolectando naranjas frescas en Don Vital, Andaluc\u00eda.\" srcset=\"https:\/\/donvital.de\/wp-content\/uploads\/2024\/11\/P1160341-1.jpg 500w, https:\/\/donvital.de\/wp-content\/uploads\/2024\/11\/P1160341-1-300x225.jpg 300w\" sizes=\"(max-width: 500px) 100vw, 500px\" \/>\t\t\t\t\t\t\t\t\t\t\t\t\t\t\t<\/div>\n\t\t\t\t<\/div>\n\t\t\t\t<\/div>\n\t\t\t\t\t<\/div>\n\t\t\t\t<\/div>\n\t\t<div class=\"elementor-element elementor-element-97fa397 e-con-full e-flex e-con e-parent\" data-id=\"97fa397\" data-element_type=\"container\" data-e-type=\"container\" data-settings=\"{&quot;background_background&quot;:&quot;classic&quot;}\">\n\t\t\t\t<\/div>\n\t\t\t\t<\/div>\n\t\t","protected":false},"excerpt":{"rendered":"<p>Sobre Nosotros La familia Bernauer decidi\u00f3 emigrar a Espa\u00f1a hace m\u00e1s de dos d\u00e9cadas para tener su propia granja en Andaluc\u00eda, la regi\u00f3n m\u00e1s soleada de Europa. Gracias a la experiencia adquirida a lo largo del tiempo y a la cooperaci\u00f3n duradera y de confianza con los agricultores locales, podemos ofrecer al consumidor naranjas y [&hellip;]<\/p>\n","protected":false},"author":1,"featured_media":0,"parent":0,"menu_order":0,"comment_status":"closed","ping_status":"closed","template":"elementor_header_footer","meta":{"ocean_post_layout":"full-width","ocean_both_sidebars_style":"","ocean_both_sidebars_content_width":0,"ocean_both_sidebars_sidebars_width":0,"ocean_sidebar":"","ocean_second_sidebar":"","ocean_disable_margins":"enable","ocean_add_body_class":"","ocean_shortcode_before_top_bar":"","ocean_shortcode_after_top_bar":"","ocean_shortcode_before_header":"","ocean_shortcode_after_header":"","ocean_has_shortcode":"","ocean_shortcode_after_title":"","ocean_shortcode_before_footer_widgets":"","ocean_shortcode_after_footer_widgets":"","ocean_shortcode_before_footer_bottom":"","ocean_shortcode_after_footer_bottom":"","ocean_display_top_bar":"default","ocean_display_header":"default","ocean_header_style":"","ocean_center_header_left_menu":"","ocean_custom_header_template":"","ocean_custom_logo":0,"ocean_custom_retina_logo":0,"ocean_custom_logo_max_width":0,"ocean_custom_logo_tablet_max_width":0,"ocean_custom_logo_mobile_max_width":0,"ocean_custom_logo_max_height":0,"ocean_custom_logo_tablet_max_height":0,"ocean_custom_logo_mobile_max_height":0,"ocean_header_custom_menu":"","ocean_menu_typo_font_family":"","ocean_menu_typo_font_subset":"","ocean_menu_typo_font_size":0,"ocean_menu_typo_font_size_tablet":0,"ocean_menu_typo_font_size_mobile":0,"ocean_menu_typo_font_size_unit":"px","ocean_menu_typo_font_weight":"","ocean_menu_typo_font_weight_tablet":"","ocean_menu_typo_font_weight_mobile":"","ocean_menu_typo_transform":"","ocean_menu_typo_transform_tablet":"","ocean_menu_typo_transform_mobile":"","ocean_menu_typo_line_height":0,"ocean_menu_typo_line_height_tablet":0,"ocean_menu_typo_line_height_mobile":0,"ocean_menu_typo_line_height_unit":"","ocean_menu_typo_spacing":0,"ocean_menu_typo_spacing_tablet":0,"ocean_menu_typo_spacing_mobile":0,"ocean_menu_typo_spacing_unit":"","ocean_menu_link_color":"","ocean_menu_link_color_hover":"","ocean_menu_link_color_active":"","ocean_menu_link_background":"","ocean_menu_link_hover_background":"","ocean_menu_link_active_background":"","ocean_menu_social_links_bg":"","ocean_menu_social_hover_links_bg":"","ocean_menu_social_links_color":"","ocean_menu_social_hover_links_color":"","ocean_disable_title":"on","ocean_disable_heading":"default","ocean_post_title":"","ocean_post_subheading":"","ocean_post_title_style":"","ocean_post_title_background_color":"","ocean_post_title_background":0,"ocean_post_title_bg_image_position":"","ocean_post_title_bg_image_attachment":"","ocean_post_title_bg_image_repeat":"","ocean_post_title_bg_image_size":"","ocean_post_title_height":0,"ocean_post_title_bg_overlay":0.5,"ocean_post_title_bg_overlay_color":"","ocean_disable_breadcrumbs":"default","ocean_breadcrumbs_color":"","ocean_breadcrumbs_separator_color":"","ocean_breadcrumbs_links_color":"","ocean_breadcrumbs_links_hover_color":"","ocean_display_footer_widgets":"default","ocean_display_footer_bottom":"default","ocean_custom_footer_template":"","footnotes":""},"class_list":["post-1298","page","type-page","status-publish","hentry","entry"],"yoast_head":"<!-- This site is optimized with the Yoast SEO plugin v27.6 - https:\/\/yoast.com\/product\/yoast-seo-wordpress\/ -->\n<title>Sobre Nosotros - La Historia de Don Vital y la Familia Bernauer<\/title>\n<meta name=\"description\" content=\"La familia Bernauer, con m\u00e1s de 20 a\u00f1os en Andaluc\u00eda, ofrece naranjas y clementinas de sabor inolvidable. Conoce la historia de Don Vital.\" \/>\n<meta name=\"robots\" content=\"index, follow, max-snippet:-1, max-image-preview:large, max-video-preview:-1\" \/>\n<link rel=\"canonical\" href=\"https:\/\/donvital.de\/?page_id=1298&lang=es\" \/>\n<meta property=\"og:locale\" content=\"de_DE\" \/>\n<meta property=\"og:type\" content=\"article\" \/>\n<meta property=\"og:title\" content=\"Sobre Nosotros - La Historia de Don Vital y la Familia Bernauer\" \/>\n<meta property=\"og:description\" content=\"La familia Bernauer, con m\u00e1s de 20 a\u00f1os en Andaluc\u00eda, ofrece naranjas y clementinas de sabor inolvidable. Conoce la historia de Don Vital.\" \/>\n<meta property=\"og:url\" content=\"https:\/\/donvital.de\/?page_id=1298&amp;lang=es\" \/>\n<meta property=\"og:site_name\" content=\"Don Vital\" \/>\n<meta property=\"article:modified_time\" content=\"2024-11-15T04:37:04+00:00\" \/>\n<meta property=\"og:image\" content=\"http:\/\/donvital.de\/wp-content\/uploads\/2024\/11\/P1160341-1.jpg\" \/>\n<meta name=\"twitter:card\" content=\"summary_large_image\" \/>\n<meta name=\"twitter:label1\" content=\"Gesch\u00e4tzte Lesezeit\" \/>\n\t<meta name=\"twitter:data1\" content=\"1\u00a0Minute\" \/>\n<script type=\"application\/ld+json\" class=\"yoast-schema-graph\">{\"@context\":\"https:\\\/\\\/schema.org\",\"@graph\":[{\"@type\":\"WebPage\",\"@id\":\"https:\\\/\\\/donvital.de\\\/?page_id=1298&lang=es\",\"url\":\"https:\\\/\\\/donvital.de\\\/?page_id=1298&lang=es\",\"name\":\"Sobre Nosotros - La Historia de Don Vital y la Familia Bernauer\",\"isPartOf\":{\"@id\":\"https:\\\/\\\/donvital.de\\\/#website\"},\"primaryImageOfPage\":{\"@id\":\"https:\\\/\\\/donvital.de\\\/?page_id=1298&lang=es#primaryimage\"},\"image\":{\"@id\":\"https:\\\/\\\/donvital.de\\\/?page_id=1298&lang=es#primaryimage\"},\"thumbnailUrl\":\"http:\\\/\\\/donvital.de\\\/wp-content\\\/uploads\\\/2024\\\/11\\\/P1160341-1.jpg\",\"datePublished\":\"2024-11-15T01:59:38+00:00\",\"dateModified\":\"2024-11-15T04:37:04+00:00\",\"description\":\"La familia Bernauer, con m\u00e1s de 20 a\u00f1os en Andaluc\u00eda, ofrece naranjas y clementinas de sabor inolvidable. Conoce la historia de Don Vital.\",\"breadcrumb\":{\"@id\":\"https:\\\/\\\/donvital.de\\\/?page_id=1298&lang=es#breadcrumb\"},\"inLanguage\":\"de\",\"potentialAction\":[{\"@type\":\"ReadAction\",\"target\":[\"https:\\\/\\\/donvital.de\\\/?page_id=1298&lang=es\"]}]},{\"@type\":\"ImageObject\",\"inLanguage\":\"de\",\"@id\":\"https:\\\/\\\/donvital.de\\\/?page_id=1298&lang=es#primaryimage\",\"url\":\"https:\\\/\\\/donvital.de\\\/wp-content\\\/uploads\\\/2024\\\/11\\\/P1160341-1.jpg\",\"contentUrl\":\"https:\\\/\\\/donvital.de\\\/wp-content\\\/uploads\\\/2024\\\/11\\\/P1160341-1.jpg\",\"width\":500,\"height\":375,\"caption\":\"Trabajadores de Don Vital recolectando naranjas en los campos de Andaluc\u00eda.\"},{\"@type\":\"BreadcrumbList\",\"@id\":\"https:\\\/\\\/donvital.de\\\/?page_id=1298&lang=es#breadcrumb\",\"itemListElement\":[{\"@type\":\"ListItem\",\"position\":1,\"name\":\"Portada\",\"item\":\"https:\\\/\\\/donvital.de\\\/\"},{\"@type\":\"ListItem\",\"position\":2,\"name\":\"Sobre Nosotros\"}]},{\"@type\":\"WebSite\",\"@id\":\"https:\\\/\\\/donvital.de\\\/#website\",\"url\":\"https:\\\/\\\/donvital.de\\\/\",\"name\":\"Don Vital\",\"description\":\"Qualit\u00e4tsprodukte aus Andalusien\",\"publisher\":{\"@id\":\"https:\\\/\\\/donvital.de\\\/#organization\"},\"potentialAction\":[{\"@type\":\"SearchAction\",\"target\":{\"@type\":\"EntryPoint\",\"urlTemplate\":\"https:\\\/\\\/donvital.de\\\/?s={search_term_string}\"},\"query-input\":{\"@type\":\"PropertyValueSpecification\",\"valueRequired\":true,\"valueName\":\"search_term_string\"}}],\"inLanguage\":\"de\"},{\"@type\":\"Organization\",\"@id\":\"https:\\\/\\\/donvital.de\\\/#organization\",\"name\":\"Don Vital\",\"url\":\"https:\\\/\\\/donvital.de\\\/\",\"logo\":{\"@type\":\"ImageObject\",\"inLanguage\":\"de\",\"@id\":\"https:\\\/\\\/donvital.de\\\/#\\\/schema\\\/logo\\\/image\\\/\",\"url\":\"https:\\\/\\\/donvital.de\\\/wp-content\\\/uploads\\\/2024\\\/11\\\/cropped-logo-u214.png\",\"contentUrl\":\"https:\\\/\\\/donvital.de\\\/wp-content\\\/uploads\\\/2024\\\/11\\\/cropped-logo-u214.png\",\"width\":281,\"height\":104,\"caption\":\"Don Vital\"},\"image\":{\"@id\":\"https:\\\/\\\/donvital.de\\\/#\\\/schema\\\/logo\\\/image\\\/\"}}]}<\/script>\n<!-- \/ Yoast SEO plugin. -->","yoast_head_json":{"title":"Sobre Nosotros - La Historia de Don Vital y la Familia Bernauer","description":"La familia Bernauer, con m\u00e1s de 20 a\u00f1os en Andaluc\u00eda, ofrece naranjas y clementinas de sabor inolvidable. Conoce la historia de Don Vital.","robots":{"index":"index","follow":"follow","max-snippet":"max-snippet:-1","max-image-preview":"max-image-preview:large","max-video-preview":"max-video-preview:-1"},"canonical":"https:\/\/donvital.de\/?page_id=1298&lang=es","og_locale":"de_DE","og_type":"article","og_title":"Sobre Nosotros - La Historia de Don Vital y la Familia Bernauer","og_description":"La familia Bernauer, con m\u00e1s de 20 a\u00f1os en Andaluc\u00eda, ofrece naranjas y clementinas de sabor inolvidable. Conoce la historia de Don Vital.","og_url":"https:\/\/donvital.de\/?page_id=1298&lang=es","og_site_name":"Don Vital","article_modified_time":"2024-11-15T04:37:04+00:00","og_image":[{"url":"http:\/\/donvital.de\/wp-content\/uploads\/2024\/11\/P1160341-1.jpg","type":"","width":"","height":""}],"twitter_card":"summary_large_image","twitter_misc":{"Gesch\u00e4tzte Lesezeit":"1\u00a0Minute"},"schema":{"@context":"https:\/\/schema.org","@graph":[{"@type":"WebPage","@id":"https:\/\/donvital.de\/?page_id=1298&lang=es","url":"https:\/\/donvital.de\/?page_id=1298&lang=es","name":"Sobre Nosotros - La Historia de Don Vital y la Familia Bernauer","isPartOf":{"@id":"https:\/\/donvital.de\/#website"},"primaryImageOfPage":{"@id":"https:\/\/donvital.de\/?page_id=1298&lang=es#primaryimage"},"image":{"@id":"https:\/\/donvital.de\/?page_id=1298&lang=es#primaryimage"},"thumbnailUrl":"http:\/\/donvital.de\/wp-content\/uploads\/2024\/11\/P1160341-1.jpg","datePublished":"2024-11-15T01:59:38+00:00","dateModified":"2024-11-15T04:37:04+00:00","description":"La familia Bernauer, con m\u00e1s de 20 a\u00f1os en Andaluc\u00eda, ofrece naranjas y clementinas de sabor inolvidable. Conoce la historia de Don Vital.","breadcrumb":{"@id":"https:\/\/donvital.de\/?page_id=1298&lang=es#breadcrumb"},"inLanguage":"de","potentialAction":[{"@type":"ReadAction","target":["https:\/\/donvital.de\/?page_id=1298&lang=es"]}]},{"@type":"ImageObject","inLanguage":"de","@id":"https:\/\/donvital.de\/?page_id=1298&lang=es#primaryimage","url":"https:\/\/donvital.de\/wp-content\/uploads\/2024\/11\/P1160341-1.jpg","contentUrl":"https:\/\/donvital.de\/wp-content\/uploads\/2024\/11\/P1160341-1.jpg","width":500,"height":375,"caption":"Trabajadores de Don Vital recolectando naranjas en los campos de Andaluc\u00eda."},{"@type":"BreadcrumbList","@id":"https:\/\/donvital.de\/?page_id=1298&lang=es#breadcrumb","itemListElement":[{"@type":"ListItem","position":1,"name":"Portada","item":"https:\/\/donvital.de\/"},{"@type":"ListItem","position":2,"name":"Sobre Nosotros"}]},{"@type":"WebSite","@id":"https:\/\/donvital.de\/#website","url":"https:\/\/donvital.de\/","name":"Don Vital","description":"Qualit\u00e4tsprodukte aus Andalusien","publisher":{"@id":"https:\/\/donvital.de\/#organization"},"potentialAction":[{"@type":"SearchAction","target":{"@type":"EntryPoint","urlTemplate":"https:\/\/donvital.de\/?s={search_term_string}"},"query-input":{"@type":"PropertyValueSpecification","valueRequired":true,"valueName":"search_term_string"}}],"inLanguage":"de"},{"@type":"Organization","@id":"https:\/\/donvital.de\/#organization","name":"Don Vital","url":"https:\/\/donvital.de\/","logo":{"@type":"ImageObject","inLanguage":"de","@id":"https:\/\/donvital.de\/#\/schema\/logo\/image\/","url":"https:\/\/donvital.de\/wp-content\/uploads\/2024\/11\/cropped-logo-u214.png","contentUrl":"https:\/\/donvital.de\/wp-content\/uploads\/2024\/11\/cropped-logo-u214.png","width":281,"height":104,"caption":"Don Vital"},"image":{"@id":"https:\/\/donvital.de\/#\/schema\/logo\/image\/"}}]}},"_links":{"self":[{"href":"https:\/\/donvital.de\/index.php?rest_route=\/wp\/v2\/pages\/1298","targetHints":{"allow":["GET"]}}],"collection":[{"href":"https:\/\/donvital.de\/index.php?rest_route=\/wp\/v2\/pages"}],"about":[{"href":"https:\/\/donvital.de\/index.php?rest_route=\/wp\/v2\/types\/page"}],"author":[{"embeddable":true,"href":"https:\/\/donvital.de\/index.php?rest_route=\/wp\/v2\/users\/1"}],"replies":[{"embeddable":true,"href":"https:\/\/donvital.de\/index.php?rest_route=%2Fwp%2Fv2%2Fcomments&post=1298"}],"version-history":[{"count":13,"href":"https:\/\/donvital.de\/index.php?rest_route=\/wp\/v2\/pages\/1298\/revisions"}],"predecessor-version":[{"id":1387,"href":"https:\/\/donvital.de\/index.php?rest_route=\/wp\/v2\/pages\/1298\/revisions\/1387"}],"wp:attachment":[{"href":"https:\/\/donvital.de\/index.php?rest_route=%2Fwp%2Fv2%2Fmedia&parent=1298"}],"curies":[{"name":"wp","href":"https:\/\/api.w.org\/{rel}","templated":true}]}}