{"id":1400,"date":"2024-11-15T05:09:21","date_gmt":"2024-11-15T04:09:21","guid":{"rendered":"http:\/\/donvital.de\/?page_id=1400"},"modified":"2025-12-01T09:53:35","modified_gmt":"2025-12-01T08:53:35","slug":"produkto","status":"publish","type":"page","link":"https:\/\/donvital.de\/?page_id=1400","title":{"rendered":"Produkte"},"content":{"rendered":"<h1>Orangen<\/h1>\n<p>Orangen enthalten so viel Vitamin C, dass bereits eine gro\u00dfe Apfelsine den Tagesbedarf an diesem wichtigen Vitamin deckt. Gerade in der nasskalten Jahreszeit leisten die saftigen und erfrischenden Fr\u00fcchte damit einen wichtigen Beitrag zur St\u00e4rkung der k\u00f6rpereigenen Abwehrkr\u00e4fte gegen Erk\u00e4ltungskrankheiten.<\/p>\n<p>Besonders die Orangen k\u00f6nnen aber noch mehr: sie sch\u00fctzen vor Krebs und beugen dem Herzinfarkt vor. Verantwortlich daf\u00fcr sind verschiedene sekund\u00e4re Pflanzenstoffe. Allerdings sind auch bei der Orange viele der wertvollen Stoffe direkt unter der Schale in der wei\u00dfen Haut. Diese Haut sollte man deshalb wann immer m\u00f6glich mitessen.<\/p>\n<p>Direkt vom Bauern aus Anderlusien\u2026<br \/>\n\t\t\t\t\t\t\t\t\t\t\t\t\t\t\t<img fetchpriority=\"high\" decoding=\"async\" width=\"375\" height=\"450\" src=\"https:\/\/donvital.de\/wp-content\/uploads\/2024\/11\/reife-clementinenbaeume-375x450.jpg\" alt=\"Reife Orange, bereit zur Ernte in Andalusien\" \/><br \/>\n\t\t\t\t\t\t\t\t\t\t\t\t\t\t\t<img decoding=\"async\" width=\"500\" height=\"375\" src=\"https:\/\/donvital.de\/wp-content\/uploads\/2024\/11\/P1060134-1.jpg\" alt=\"Reife Clementinenzweige, bereit zur Ernte in Andalusien\" srcset=\"https:\/\/donvital.de\/wp-content\/uploads\/2024\/11\/P1060134-1.jpg 500w, https:\/\/donvital.de\/wp-content\/uploads\/2024\/11\/P1060134-1-300x225.jpg 300w\" sizes=\"(max-width: 500px) 100vw, 500px\" \/>\t\t\t\t\t\t\t\t\t\t\t\t\t\t\t<\/p>\n<h1>Clementinen<\/h1>\n<p>\t\tBei Clementinen lohnt sich vor dem Kauf trotzdem der Blick auf die Schale, denn die sitzt bei reifen Fr\u00fcchten lockerer. Allerdings sind sehr weiche Fr\u00fcchte wiederum schon zu alt.<br \/>\nClementinen k\u00f6nnen beim N\u00e4hrwert nicht ganz mithalten, ihr Vitamin-C-Gehalt ist z. B. um ein Drittel niedriger als der von Orangen. Kalorienm\u00e4\u00dfig treten die Zitrusfr\u00fcchte eher bescheiden auf, im Schnitt 42 kcal pro 100 g bei Orangen und 46 kcal bei Clementinen machen sie zu einer idealen Zwischenmahlzeit f\u00fcr figurbewusste Genie\u00dfer.\t\t<\/p>\n<h2>Unser Tipp<\/h2>\n<p>\t\tZitrusfr\u00fcchte nie mit geruchsempfindlichen Lebensmitteln lagern (andere Obst- und Gem\u00fcsesorten, K\u00e4se, Eier, Fette, Fleisch), da sie geruchsinfizierend sind.<br \/>\nDie Fr\u00fcchte sollten k\u00fchl, bei 5\u00b0 C, gelagert werden. Zum Verzehr sollten sie auf Zimmertemperatur temperiert werden, um das volle Aroma genie\u00dfen zu k\u00f6nnen.<br \/>\n\t\tK\u00fchl gelagert sind Orangen mehrere Wochen haltbar, die Temperatur ist weniger f\u00fcr die Qualit\u00e4t wichtig, vielmehr gegen die Vermehrung der anfallenden Schimmelpilze. Deshalb sollten Sie beim Kauf auf einzeln verdorbene Fr\u00fcchte achten, die aber die anderen keineswegs in der Qualit\u00e4t beeintr\u00e4chtigen. Auch bei einer l\u00e4ngeren Lagerung zu Hause ist ein gelegentliches Sortieren unabdingbar.<\/p>\n","protected":false},"excerpt":{"rendered":"<p>Orangen Orangen enthalten so viel Vitamin C, dass bereits eine gro\u00dfe Apfelsine den Tagesbedarf an diesem wichtigen Vitamin deckt. Gerade in der nasskalten Jahreszeit leisten die saftigen und erfrischenden Fr\u00fcchte damit einen wichtigen Beitrag zur St\u00e4rkung der k\u00f6rpereigenen Abwehrkr\u00e4fte gegen Erk\u00e4ltungskrankheiten. Besonders die Orangen k\u00f6nnen aber noch mehr: sie sch\u00fctzen vor Krebs und beugen dem [&hellip;]<\/p>\n","protected":false},"author":1,"featured_media":0,"parent":0,"menu_order":0,"comment_status":"closed","ping_status":"closed","template":"elementor_header_footer","meta":{"ocean_post_layout":"full-width","ocean_both_sidebars_style":"","ocean_both_sidebars_content_width":0,"ocean_both_sidebars_sidebars_width":0,"ocean_sidebar":"","ocean_second_sidebar":"","ocean_disable_margins":"enable","ocean_add_body_class":"","ocean_shortcode_before_top_bar":"","ocean_shortcode_after_top_bar":"","ocean_shortcode_before_header":"","ocean_shortcode_after_header":"","ocean_has_shortcode":"","ocean_shortcode_after_title":"","ocean_shortcode_before_footer_widgets":"","ocean_shortcode_after_footer_widgets":"","ocean_shortcode_before_footer_bottom":"","ocean_shortcode_after_footer_bottom":"","ocean_display_top_bar":"default","ocean_display_header":"default","ocean_header_style":"","ocean_center_header_left_menu":"","ocean_custom_header_template":"","ocean_custom_logo":0,"ocean_custom_retina_logo":0,"ocean_custom_logo_max_width":0,"ocean_custom_logo_tablet_max_width":0,"ocean_custom_logo_mobile_max_width":0,"ocean_custom_logo_max_height":0,"ocean_custom_logo_tablet_max_height":0,"ocean_custom_logo_mobile_max_height":0,"ocean_header_custom_menu":"","ocean_menu_typo_font_family":"","ocean_menu_typo_font_subset":"","ocean_menu_typo_font_size":0,"ocean_menu_typo_font_size_tablet":0,"ocean_menu_typo_font_size_mobile":0,"ocean_menu_typo_font_size_unit":"px","ocean_menu_typo_font_weight":"","ocean_menu_typo_font_weight_tablet":"","ocean_menu_typo_font_weight_mobile":"","ocean_menu_typo_transform":"","ocean_menu_typo_transform_tablet":"","ocean_menu_typo_transform_mobile":"","ocean_menu_typo_line_height":0,"ocean_menu_typo_line_height_tablet":0,"ocean_menu_typo_line_height_mobile":0,"ocean_menu_typo_line_height_unit":"","ocean_menu_typo_spacing":0,"ocean_menu_typo_spacing_tablet":0,"ocean_menu_typo_spacing_mobile":0,"ocean_menu_typo_spacing_unit":"","ocean_menu_link_color":"","ocean_menu_link_color_hover":"","ocean_menu_link_color_active":"","ocean_menu_link_background":"","ocean_menu_link_hover_background":"","ocean_menu_link_active_background":"","ocean_menu_social_links_bg":"","ocean_menu_social_hover_links_bg":"","ocean_menu_social_links_color":"","ocean_menu_social_hover_links_color":"","ocean_disable_title":"on","ocean_disable_heading":"default","ocean_post_title":"","ocean_post_subheading":"","ocean_post_title_style":"","ocean_post_title_background_color":"","ocean_post_title_background":0,"ocean_post_title_bg_image_position":"","ocean_post_title_bg_image_attachment":"","ocean_post_title_bg_image_repeat":"","ocean_post_title_bg_image_size":"","ocean_post_title_height":0,"ocean_post_title_bg_overlay":0.5,"ocean_post_title_bg_overlay_color":"","ocean_disable_breadcrumbs":"default","ocean_breadcrumbs_color":"","ocean_breadcrumbs_separator_color":"","ocean_breadcrumbs_links_color":"","ocean_breadcrumbs_links_hover_color":"","ocean_display_footer_widgets":"default","ocean_display_footer_bottom":"default","ocean_custom_footer_template":"","footnotes":""},"class_list":["post-1400","page","type-page","status-publish","hentry","entry"],"yoast_head":"<!-- This site is optimized with the Yoast SEO plugin v27.5 - https:\/\/yoast.com\/product\/yoast-seo-wordpress\/ -->\n<title>Hochwertige Orangen und Clementinen \u2013 Don Vital Produkte<\/title>\n<meta name=\"description\" content=\"Entdecken Sie Don Vital Orangen und Clementinen aus Andalusien. Frische, saftige Fr\u00fcchte voller Vitamine \u2013 Gesundheit in jedem Bissen.\" \/>\n<meta name=\"robots\" content=\"index, follow, max-snippet:-1, max-image-preview:large, max-video-preview:-1\" \/>\n<link rel=\"canonical\" href=\"https:\/\/donvital.de\/?page_id=1400\" \/>\n<meta property=\"og:locale\" content=\"de_DE\" \/>\n<meta property=\"og:type\" content=\"article\" \/>\n<meta property=\"og:title\" content=\"Hochwertige Orangen und Clementinen \u2013 Don Vital Produkte\" \/>\n<meta property=\"og:description\" content=\"Entdecken Sie Don Vital Orangen und Clementinen aus Andalusien. Frische, saftige Fr\u00fcchte voller Vitamine \u2013 Gesundheit in jedem Bissen.\" \/>\n<meta property=\"og:url\" content=\"https:\/\/donvital.de\/?page_id=1400\" \/>\n<meta property=\"og:site_name\" content=\"Don Vital\" \/>\n<meta property=\"article:modified_time\" content=\"2025-12-01T08:53:35+00:00\" \/>\n<meta property=\"og:image\" content=\"https:\/\/donvital.de\/wp-content\/uploads\/2024\/11\/reife-clementinenbaeume-375x450.jpg\" \/>\n<meta name=\"twitter:card\" content=\"summary_large_image\" \/>\n<meta name=\"twitter:label1\" content=\"Gesch\u00e4tzte Lesezeit\" \/>\n\t<meta name=\"twitter:data1\" content=\"2\u00a0Minuten\" \/>\n<script type=\"application\/ld+json\" class=\"yoast-schema-graph\">{\"@context\":\"https:\\\/\\\/schema.org\",\"@graph\":[{\"@type\":\"WebPage\",\"@id\":\"https:\\\/\\\/donvital.de\\\/?page_id=1400\",\"url\":\"https:\\\/\\\/donvital.de\\\/?page_id=1400\",\"name\":\"Hochwertige Orangen und Clementinen \u2013 Don Vital Produkte\",\"isPartOf\":{\"@id\":\"https:\\\/\\\/donvital.de\\\/#website\"},\"primaryImageOfPage\":{\"@id\":\"https:\\\/\\\/donvital.de\\\/?page_id=1400#primaryimage\"},\"image\":{\"@id\":\"https:\\\/\\\/donvital.de\\\/?page_id=1400#primaryimage\"},\"thumbnailUrl\":\"https:\\\/\\\/donvital.de\\\/wp-content\\\/uploads\\\/2024\\\/11\\\/reife-clementinenbaeume-375x450.jpg\",\"datePublished\":\"2024-11-15T04:09:21+00:00\",\"dateModified\":\"2025-12-01T08:53:35+00:00\",\"description\":\"Entdecken Sie Don Vital Orangen und Clementinen aus Andalusien. Frische, saftige Fr\u00fcchte voller Vitamine \u2013 Gesundheit in jedem Bissen.\",\"breadcrumb\":{\"@id\":\"https:\\\/\\\/donvital.de\\\/?page_id=1400#breadcrumb\"},\"inLanguage\":\"de\",\"potentialAction\":[{\"@type\":\"ReadAction\",\"target\":[\"https:\\\/\\\/donvital.de\\\/?page_id=1400\"]}]},{\"@type\":\"ImageObject\",\"inLanguage\":\"de\",\"@id\":\"https:\\\/\\\/donvital.de\\\/?page_id=1400#primaryimage\",\"url\":\"https:\\\/\\\/donvital.de\\\/wp-content\\\/uploads\\\/2024\\\/11\\\/reife-clementinenbaeume.jpg\",\"contentUrl\":\"https:\\\/\\\/donvital.de\\\/wp-content\\\/uploads\\\/2024\\\/11\\\/reife-clementinenbaeume.jpg\",\"width\":375,\"height\":500,\"caption\":\"Reife Orange an den Zweigen, angebaut von Don Vital in Andalusien\"},{\"@type\":\"BreadcrumbList\",\"@id\":\"https:\\\/\\\/donvital.de\\\/?page_id=1400#breadcrumb\",\"itemListElement\":[{\"@type\":\"ListItem\",\"position\":1,\"name\":\"Portada\",\"item\":\"https:\\\/\\\/donvital.de\\\/\"},{\"@type\":\"ListItem\",\"position\":2,\"name\":\"Produkte\"}]},{\"@type\":\"WebSite\",\"@id\":\"https:\\\/\\\/donvital.de\\\/#website\",\"url\":\"https:\\\/\\\/donvital.de\\\/\",\"name\":\"Don Vital\",\"description\":\"Qualit\u00e4tsprodukte aus Andalusien\",\"publisher\":{\"@id\":\"https:\\\/\\\/donvital.de\\\/#organization\"},\"potentialAction\":[{\"@type\":\"SearchAction\",\"target\":{\"@type\":\"EntryPoint\",\"urlTemplate\":\"https:\\\/\\\/donvital.de\\\/?s={search_term_string}\"},\"query-input\":{\"@type\":\"PropertyValueSpecification\",\"valueRequired\":true,\"valueName\":\"search_term_string\"}}],\"inLanguage\":\"de\"},{\"@type\":\"Organization\",\"@id\":\"https:\\\/\\\/donvital.de\\\/#organization\",\"name\":\"Don Vital\",\"url\":\"https:\\\/\\\/donvital.de\\\/\",\"logo\":{\"@type\":\"ImageObject\",\"inLanguage\":\"de\",\"@id\":\"https:\\\/\\\/donvital.de\\\/#\\\/schema\\\/logo\\\/image\\\/\",\"url\":\"https:\\\/\\\/donvital.de\\\/wp-content\\\/uploads\\\/2024\\\/11\\\/cropped-logo-u214.png\",\"contentUrl\":\"https:\\\/\\\/donvital.de\\\/wp-content\\\/uploads\\\/2024\\\/11\\\/cropped-logo-u214.png\",\"width\":281,\"height\":104,\"caption\":\"Don Vital\"},\"image\":{\"@id\":\"https:\\\/\\\/donvital.de\\\/#\\\/schema\\\/logo\\\/image\\\/\"}}]}<\/script>\n<!-- \/ Yoast SEO plugin. -->","yoast_head_json":{"title":"Hochwertige Orangen und Clementinen \u2013 Don Vital Produkte","description":"Entdecken Sie Don Vital Orangen und Clementinen aus Andalusien. Frische, saftige Fr\u00fcchte voller Vitamine \u2013 Gesundheit in jedem Bissen.","robots":{"index":"index","follow":"follow","max-snippet":"max-snippet:-1","max-image-preview":"max-image-preview:large","max-video-preview":"max-video-preview:-1"},"canonical":"https:\/\/donvital.de\/?page_id=1400","og_locale":"de_DE","og_type":"article","og_title":"Hochwertige Orangen und Clementinen \u2013 Don Vital Produkte","og_description":"Entdecken Sie Don Vital Orangen und Clementinen aus Andalusien. Frische, saftige Fr\u00fcchte voller Vitamine \u2013 Gesundheit in jedem Bissen.","og_url":"https:\/\/donvital.de\/?page_id=1400","og_site_name":"Don Vital","article_modified_time":"2025-12-01T08:53:35+00:00","og_image":[{"url":"https:\/\/donvital.de\/wp-content\/uploads\/2024\/11\/reife-clementinenbaeume-375x450.jpg","type":"","width":"","height":""}],"twitter_card":"summary_large_image","twitter_misc":{"Gesch\u00e4tzte Lesezeit":"2\u00a0Minuten"},"schema":{"@context":"https:\/\/schema.org","@graph":[{"@type":"WebPage","@id":"https:\/\/donvital.de\/?page_id=1400","url":"https:\/\/donvital.de\/?page_id=1400","name":"Hochwertige Orangen und Clementinen \u2013 Don Vital Produkte","isPartOf":{"@id":"https:\/\/donvital.de\/#website"},"primaryImageOfPage":{"@id":"https:\/\/donvital.de\/?page_id=1400#primaryimage"},"image":{"@id":"https:\/\/donvital.de\/?page_id=1400#primaryimage"},"thumbnailUrl":"https:\/\/donvital.de\/wp-content\/uploads\/2024\/11\/reife-clementinenbaeume-375x450.jpg","datePublished":"2024-11-15T04:09:21+00:00","dateModified":"2025-12-01T08:53:35+00:00","description":"Entdecken Sie Don Vital Orangen und Clementinen aus Andalusien. Frische, saftige Fr\u00fcchte voller Vitamine \u2013 Gesundheit in jedem Bissen.","breadcrumb":{"@id":"https:\/\/donvital.de\/?page_id=1400#breadcrumb"},"inLanguage":"de","potentialAction":[{"@type":"ReadAction","target":["https:\/\/donvital.de\/?page_id=1400"]}]},{"@type":"ImageObject","inLanguage":"de","@id":"https:\/\/donvital.de\/?page_id=1400#primaryimage","url":"https:\/\/donvital.de\/wp-content\/uploads\/2024\/11\/reife-clementinenbaeume.jpg","contentUrl":"https:\/\/donvital.de\/wp-content\/uploads\/2024\/11\/reife-clementinenbaeume.jpg","width":375,"height":500,"caption":"Reife Orange an den Zweigen, angebaut von Don Vital in Andalusien"},{"@type":"BreadcrumbList","@id":"https:\/\/donvital.de\/?page_id=1400#breadcrumb","itemListElement":[{"@type":"ListItem","position":1,"name":"Portada","item":"https:\/\/donvital.de\/"},{"@type":"ListItem","position":2,"name":"Produkte"}]},{"@type":"WebSite","@id":"https:\/\/donvital.de\/#website","url":"https:\/\/donvital.de\/","name":"Don Vital","description":"Qualit\u00e4tsprodukte aus Andalusien","publisher":{"@id":"https:\/\/donvital.de\/#organization"},"potentialAction":[{"@type":"SearchAction","target":{"@type":"EntryPoint","urlTemplate":"https:\/\/donvital.de\/?s={search_term_string}"},"query-input":{"@type":"PropertyValueSpecification","valueRequired":true,"valueName":"search_term_string"}}],"inLanguage":"de"},{"@type":"Organization","@id":"https:\/\/donvital.de\/#organization","name":"Don Vital","url":"https:\/\/donvital.de\/","logo":{"@type":"ImageObject","inLanguage":"de","@id":"https:\/\/donvital.de\/#\/schema\/logo\/image\/","url":"https:\/\/donvital.de\/wp-content\/uploads\/2024\/11\/cropped-logo-u214.png","contentUrl":"https:\/\/donvital.de\/wp-content\/uploads\/2024\/11\/cropped-logo-u214.png","width":281,"height":104,"caption":"Don Vital"},"image":{"@id":"https:\/\/donvital.de\/#\/schema\/logo\/image\/"}}]}},"_links":{"self":[{"href":"https:\/\/donvital.de\/index.php?rest_route=\/wp\/v2\/pages\/1400","targetHints":{"allow":["GET"]}}],"collection":[{"href":"https:\/\/donvital.de\/index.php?rest_route=\/wp\/v2\/pages"}],"about":[{"href":"https:\/\/donvital.de\/index.php?rest_route=\/wp\/v2\/types\/page"}],"author":[{"embeddable":true,"href":"https:\/\/donvital.de\/index.php?rest_route=\/wp\/v2\/users\/1"}],"replies":[{"embeddable":true,"href":"https:\/\/donvital.de\/index.php?rest_route=%2Fwp%2Fv2%2Fcomments&post=1400"}],"version-history":[{"count":37,"href":"https:\/\/donvital.de\/index.php?rest_route=\/wp\/v2\/pages\/1400\/revisions"}],"predecessor-version":[{"id":2426,"href":"https:\/\/donvital.de\/index.php?rest_route=\/wp\/v2\/pages\/1400\/revisions\/2426"}],"wp:attachment":[{"href":"https:\/\/donvital.de\/index.php?rest_route=%2Fwp%2Fv2%2Fmedia&parent=1400"}],"curies":[{"name":"wp","href":"https:\/\/api.w.org\/{rel}","templated":true}]}}