{"id":1415,"date":"2024-11-15T06:00:26","date_gmt":"2024-11-15T05:00:26","guid":{"rendered":"http:\/\/donvital.de\/?page_id=1415"},"modified":"2024-11-18T03:49:08","modified_gmt":"2024-11-18T02:49:08","slug":"orangen","status":"publish","type":"page","link":"https:\/\/donvital.de\/?page_id=1415","title":{"rendered":"Orangen"},"content":{"rendered":"\t\t<div data-elementor-type=\"wp-post\" data-elementor-id=\"1415\" class=\"elementor elementor-1415\">\n\t\t\t\t<div class=\"elementor-element elementor-element-6edae6e e-con-full e-flex e-con e-parent\" data-id=\"6edae6e\" data-element_type=\"container\" data-e-type=\"container\" data-settings=\"{&quot;background_background&quot;:&quot;classic&quot;}\">\n\t\t\t\t<\/div>\n\t\t\t\t<section class=\"elementor-section elementor-top-section elementor-element elementor-element-7645c60 elementor-section-content-middle elementor-section-full_width elementor-section-height-default elementor-section-height-default\" data-id=\"7645c60\" data-element_type=\"section\" data-e-type=\"section\">\n\t\t\t\t\t\t<div class=\"elementor-container elementor-column-gap-default\">\n\t\t\t\t\t<div class=\"elementor-column elementor-col-50 elementor-top-column elementor-element elementor-element-1ade1c0\" data-id=\"1ade1c0\" data-element_type=\"column\" data-e-type=\"column\">\n\t\t\t<div class=\"elementor-widget-wrap elementor-element-populated\">\n\t\t\t\t\t\t<div class=\"elementor-element elementor-element-1eec54e bienvenida-encabezado elementor-widget elementor-widget-heading\" data-id=\"1eec54e\" data-element_type=\"widget\" data-e-type=\"widget\" data-widget_type=\"heading.default\">\n\t\t\t\t<div class=\"elementor-widget-container\">\n\t\t\t\t\t<h1 class=\"elementor-heading-title elementor-size-default\"><span class=\"don\">O<\/span><span class=\"vital\">rangen<\/span><\/h1>\t\t\t\t<\/div>\n\t\t\t\t<\/div>\n\t\t\t\t<div class=\"elementor-element elementor-element-4456ea8 bienvenida-encabezado elementor-widget elementor-widget-text-editor\" data-id=\"4456ea8\" data-element_type=\"widget\" data-e-type=\"widget\" data-widget_type=\"text-editor.default\">\n\t\t\t\t<div class=\"elementor-widget-container\">\n\t\t\t\t\t\t\t\t\tOrangen enthalten so viel Vitamin C, dass bereits eine gro\u00dfe Apfelsine den Tagesbedarf an diesem wichtigen Vitamin deckt. Gerade in der nasskalten Jahreszeit leisten die saftigen und erfrischenden Fr\u00fcchte damit einen wichtigen Beitrag zur St\u00e4rkung der k\u00f6rpereigenen Abwehrkr\u00e4fte gegen Erk\u00e4ltungskrankheiten.\n\nBesonders die Orangen k\u00f6nnen aber noch mehr: sie sch\u00fctzen vor Krebs und beugen dem Herzinfarkt vor. Verantwortlich daf\u00fcr sind verschiedene sekund\u00e4re Pflanzenstoffe. Allerdings sind auch bei der Orange viele der wertvollen Stoffe direkt unter der Schale in der wei\u00dfen Haut. Diese Haut sollte man deshalb wann immer m\u00f6glich mitessen.\t\t\t\t\t\t\t\t<\/div>\n\t\t\t\t<\/div>\n\t\t\t\t<div class=\"elementor-element elementor-element-061ddcb bienvenida-encabezado elementor-widget elementor-widget-text-editor\" data-id=\"061ddcb\" data-element_type=\"widget\" data-e-type=\"widget\" data-widget_type=\"text-editor.default\">\n\t\t\t\t<div class=\"elementor-widget-container\">\n\t\t\t\t\t\t\t\t\t<span class=\"don\">Direkt vom Bauern<\/span> <span class=\"vital\">aus Anderlusien\u2026<\/span>\t\t\t\t\t\t\t\t<\/div>\n\t\t\t\t<\/div>\n\t\t\t\t\t<\/div>\n\t\t<\/div>\n\t\t\t\t<div class=\"elementor-column elementor-col-50 elementor-top-column elementor-element elementor-element-4356c40\" data-id=\"4356c40\" data-element_type=\"column\" data-e-type=\"column\">\n\t\t\t<div class=\"elementor-widget-wrap elementor-element-populated\">\n\t\t\t\t\t\t<div class=\"elementor-element elementor-element-8285bd8 elementor-widget elementor-widget-image\" data-id=\"8285bd8\" data-element_type=\"widget\" data-e-type=\"widget\" data-widget_type=\"image.default\">\n\t\t\t\t<div class=\"elementor-widget-container\">\n\t\t\t\t\t\t\t\t\t\t\t\t\t\t\t<img fetchpriority=\"high\" decoding=\"async\" width=\"375\" height=\"500\" src=\"https:\/\/donvital.de\/wp-content\/uploads\/2024\/11\/reife-clementinenbaeume.jpg\" class=\"attachment-full size-full wp-image-1411\" alt=\"Reife Orange, bereit zur Ernte in Andalusien\" srcset=\"https:\/\/donvital.de\/wp-content\/uploads\/2024\/11\/reife-clementinenbaeume.jpg 375w, https:\/\/donvital.de\/wp-content\/uploads\/2024\/11\/reife-clementinenbaeume-225x300.jpg 225w\" sizes=\"(max-width: 375px) 100vw, 375px\" \/>\t\t\t\t\t\t\t\t\t\t\t\t\t\t\t<\/div>\n\t\t\t\t<\/div>\n\t\t\t\t\t<\/div>\n\t\t<\/div>\n\t\t\t\t\t<\/div>\n\t\t<\/section>\n\t\t<div class=\"elementor-element elementor-element-1447514 e-con-full e-flex e-con e-parent\" data-id=\"1447514\" data-element_type=\"container\" data-e-type=\"container\" data-settings=\"{&quot;background_background&quot;:&quot;classic&quot;}\">\n\t\t\t\t<\/div>\n\t\t<div class=\"elementor-element elementor-element-38fe338 e-flex e-con-boxed e-con e-parent\" data-id=\"38fe338\" data-element_type=\"container\" data-e-type=\"container\" data-settings=\"{&quot;background_background&quot;:&quot;classic&quot;}\">\n\t\t\t\t\t<div class=\"e-con-inner\">\n\t\t<div class=\"elementor-element elementor-element-9468b63 e-con-full e-flex e-con e-child\" data-id=\"9468b63\" data-element_type=\"container\" data-e-type=\"container\">\n\t\t\t\t<div class=\"elementor-element elementor-element-9672ea7 elementor-widget elementor-widget-heading\" data-id=\"9672ea7\" data-element_type=\"widget\" data-e-type=\"widget\" data-widget_type=\"heading.default\">\n\t\t\t\t<div class=\"elementor-widget-container\">\n\t\t\t\t\t<h2 class=\"elementor-heading-title elementor-size-default\">Unser Tipp<\/h2>\t\t\t\t<\/div>\n\t\t\t\t<\/div>\n\t\t\t\t<\/div>\n\t\t<div class=\"elementor-element elementor-element-e75b83c e-con-full e-flex e-con e-child\" data-id=\"e75b83c\" data-element_type=\"container\" data-e-type=\"container\" data-settings=\"{&quot;background_background&quot;:&quot;classic&quot;}\">\n\t\t\t\t<div class=\"elementor-element elementor-element-032582e elementor-widget elementor-widget-text-editor\" data-id=\"032582e\" data-element_type=\"widget\" data-e-type=\"widget\" data-widget_type=\"text-editor.default\">\n\t\t\t\t<div class=\"elementor-widget-container\">\n\t\t\t\t\t\t\t\t\tZitrusfr\u00fcchte nie mit geruchsempfindlichen Lebensmitteln lagern (andere Obst- und Gem\u00fcsesorten, K\u00e4se, Eier, Fette, Fleisch), da sie geruchsinfizierend sind.\nDie Fr\u00fcchte sollten k\u00fchl, bei 5\u00b0 C, gelagert werden. Zum Verzehr sollten sie auf Zimmertemperatur temperiert werden, um das volle Aroma genie\u00dfen zu k\u00f6nnen.\t\t\t\t\t\t\t\t<\/div>\n\t\t\t\t<\/div>\n\t\t\t\t<div class=\"elementor-element elementor-element-c2f00a4 elementor-widget-divider--view-line elementor-widget elementor-widget-divider\" data-id=\"c2f00a4\" data-element_type=\"widget\" data-e-type=\"widget\" data-widget_type=\"divider.default\">\n\t\t\t\t<div class=\"elementor-widget-container\">\n\t\t\t\t\t\t\t<div class=\"elementor-divider\">\n\t\t\t<span class=\"elementor-divider-separator\">\n\t\t\t\t\t\t<\/span>\n\t\t<\/div>\n\t\t\t\t\t\t<\/div>\n\t\t\t\t<\/div>\n\t\t\t\t<div class=\"elementor-element elementor-element-60225f4 elementor-widget elementor-widget-text-editor\" data-id=\"60225f4\" data-element_type=\"widget\" data-e-type=\"widget\" data-widget_type=\"text-editor.default\">\n\t\t\t\t<div class=\"elementor-widget-container\">\n\t\t\t\t\t\t\t\t\tK\u00fchl gelagert sind Orangen mehrere Wochen haltbar, die Temperatur ist weniger f\u00fcr die Qualit\u00e4t wichtig, vielmehr gegen die Vermehrung der anfallenden Schimmelpilze. Deshalb sollten Sie beim Kauf auf einzeln verdorbene Fr\u00fcchte achten, die aber die anderen keineswegs in der Qualit\u00e4t beeintr\u00e4chtigen. Auch bei einer l\u00e4ngeren Lagerung zu Hause ist ein gelegentliches Sortieren unabdingbar.\t\t\t\t\t\t\t\t<\/div>\n\t\t\t\t<\/div>\n\t\t\t\t<\/div>\n\t\t\t\t\t<\/div>\n\t\t\t\t<\/div>\n\t\t<div class=\"elementor-element elementor-element-97fa397 e-con-full e-flex e-con e-parent\" data-id=\"97fa397\" data-element_type=\"container\" data-e-type=\"container\" data-settings=\"{&quot;background_background&quot;:&quot;classic&quot;}\">\n\t\t\t\t<\/div>\n\t\t\t\t<\/div>\n\t\t","protected":false},"excerpt":{"rendered":"<p>Orangen Orangen enthalten so viel Vitamin C, dass bereits eine gro\u00dfe Apfelsine den Tagesbedarf an diesem wichtigen Vitamin deckt. Gerade in der nasskalten Jahreszeit leisten die saftigen und erfrischenden Fr\u00fcchte damit einen wichtigen Beitrag zur St\u00e4rkung der k\u00f6rpereigenen Abwehrkr\u00e4fte gegen Erk\u00e4ltungskrankheiten. Besonders die Orangen k\u00f6nnen aber noch mehr: sie sch\u00fctzen vor Krebs und beugen dem [&hellip;]<\/p>\n","protected":false},"author":1,"featured_media":0,"parent":0,"menu_order":0,"comment_status":"closed","ping_status":"closed","template":"elementor_header_footer","meta":{"ocean_post_layout":"full-width","ocean_both_sidebars_style":"","ocean_both_sidebars_content_width":0,"ocean_both_sidebars_sidebars_width":0,"ocean_sidebar":"","ocean_second_sidebar":"","ocean_disable_margins":"enable","ocean_add_body_class":"","ocean_shortcode_before_top_bar":"","ocean_shortcode_after_top_bar":"","ocean_shortcode_before_header":"","ocean_shortcode_after_header":"","ocean_has_shortcode":"","ocean_shortcode_after_title":"","ocean_shortcode_before_footer_widgets":"","ocean_shortcode_after_footer_widgets":"","ocean_shortcode_before_footer_bottom":"","ocean_shortcode_after_footer_bottom":"","ocean_display_top_bar":"default","ocean_display_header":"default","ocean_header_style":"","ocean_center_header_left_menu":"","ocean_custom_header_template":"","ocean_custom_logo":0,"ocean_custom_retina_logo":0,"ocean_custom_logo_max_width":0,"ocean_custom_logo_tablet_max_width":0,"ocean_custom_logo_mobile_max_width":0,"ocean_custom_logo_max_height":0,"ocean_custom_logo_tablet_max_height":0,"ocean_custom_logo_mobile_max_height":0,"ocean_header_custom_menu":"","ocean_menu_typo_font_family":"","ocean_menu_typo_font_subset":"","ocean_menu_typo_font_size":0,"ocean_menu_typo_font_size_tablet":0,"ocean_menu_typo_font_size_mobile":0,"ocean_menu_typo_font_size_unit":"px","ocean_menu_typo_font_weight":"","ocean_menu_typo_font_weight_tablet":"","ocean_menu_typo_font_weight_mobile":"","ocean_menu_typo_transform":"","ocean_menu_typo_transform_tablet":"","ocean_menu_typo_transform_mobile":"","ocean_menu_typo_line_height":0,"ocean_menu_typo_line_height_tablet":0,"ocean_menu_typo_line_height_mobile":0,"ocean_menu_typo_line_height_unit":"","ocean_menu_typo_spacing":0,"ocean_menu_typo_spacing_tablet":0,"ocean_menu_typo_spacing_mobile":0,"ocean_menu_typo_spacing_unit":"","ocean_menu_link_color":"","ocean_menu_link_color_hover":"","ocean_menu_link_color_active":"","ocean_menu_link_background":"","ocean_menu_link_hover_background":"","ocean_menu_link_active_background":"","ocean_menu_social_links_bg":"","ocean_menu_social_hover_links_bg":"","ocean_menu_social_links_color":"","ocean_menu_social_hover_links_color":"","ocean_disable_title":"on","ocean_disable_heading":"default","ocean_post_title":"","ocean_post_subheading":"","ocean_post_title_style":"","ocean_post_title_background_color":"","ocean_post_title_background":0,"ocean_post_title_bg_image_position":"","ocean_post_title_bg_image_attachment":"","ocean_post_title_bg_image_repeat":"","ocean_post_title_bg_image_size":"","ocean_post_title_height":0,"ocean_post_title_bg_overlay":0.5,"ocean_post_title_bg_overlay_color":"","ocean_disable_breadcrumbs":"default","ocean_breadcrumbs_color":"","ocean_breadcrumbs_separator_color":"","ocean_breadcrumbs_links_color":"","ocean_breadcrumbs_links_hover_color":"","ocean_display_footer_widgets":"default","ocean_display_footer_bottom":"default","ocean_custom_footer_template":"","footnotes":""},"class_list":["post-1415","page","type-page","status-publish","hentry","entry"],"yoast_head":"<!-- This site is optimized with the Yoast SEO plugin v27.5 - https:\/\/yoast.com\/product\/yoast-seo-wordpress\/ -->\n<title>Don Vital Orange aus Andalusien | Gesundheit und Frische<\/title>\n<meta name=\"description\" content=\"Entdecken Sie Don Vital Orangen aus Andalusien. Eine nat\u00fcrliche Quelle f\u00fcr Vitamin C und Antioxidantien f\u00fcr Ihre Gesundheit und Genuss.\" \/>\n<meta name=\"robots\" content=\"index, follow, max-snippet:-1, max-image-preview:large, max-video-preview:-1\" \/>\n<link rel=\"canonical\" href=\"https:\/\/donvital.de\/?page_id=1415\" \/>\n<meta property=\"og:locale\" content=\"de_DE\" \/>\n<meta property=\"og:type\" content=\"article\" \/>\n<meta property=\"og:title\" content=\"Don Vital Orange aus Andalusien | Gesundheit und Frische\" \/>\n<meta property=\"og:description\" content=\"Entdecken Sie Don Vital Orangen aus Andalusien. Eine nat\u00fcrliche Quelle f\u00fcr Vitamin C und Antioxidantien f\u00fcr Ihre Gesundheit und Genuss.\" \/>\n<meta property=\"og:url\" content=\"https:\/\/donvital.de\/?page_id=1415\" \/>\n<meta property=\"og:site_name\" content=\"Don Vital\" \/>\n<meta property=\"article:modified_time\" content=\"2024-11-18T02:49:08+00:00\" \/>\n<meta property=\"og:image\" content=\"http:\/\/donvital.de\/wp-content\/uploads\/2024\/11\/reife-clementinenbaeume.jpg\" \/>\n<meta name=\"twitter:card\" content=\"summary_large_image\" \/>\n<meta name=\"twitter:label1\" content=\"Gesch\u00e4tzte Lesezeit\" \/>\n\t<meta name=\"twitter:data1\" content=\"2\u00a0Minuten\" \/>\n<script type=\"application\/ld+json\" class=\"yoast-schema-graph\">{\"@context\":\"https:\\\/\\\/schema.org\",\"@graph\":[{\"@type\":\"WebPage\",\"@id\":\"https:\\\/\\\/donvital.de\\\/?page_id=1415\",\"url\":\"https:\\\/\\\/donvital.de\\\/?page_id=1415\",\"name\":\"Don Vital Orange aus Andalusien | Gesundheit und Frische\",\"isPartOf\":{\"@id\":\"https:\\\/\\\/donvital.de\\\/#website\"},\"primaryImageOfPage\":{\"@id\":\"https:\\\/\\\/donvital.de\\\/?page_id=1415#primaryimage\"},\"image\":{\"@id\":\"https:\\\/\\\/donvital.de\\\/?page_id=1415#primaryimage\"},\"thumbnailUrl\":\"http:\\\/\\\/donvital.de\\\/wp-content\\\/uploads\\\/2024\\\/11\\\/reife-clementinenbaeume.jpg\",\"datePublished\":\"2024-11-15T05:00:26+00:00\",\"dateModified\":\"2024-11-18T02:49:08+00:00\",\"description\":\"Entdecken Sie Don Vital Orangen aus Andalusien. Eine nat\u00fcrliche Quelle f\u00fcr Vitamin C und Antioxidantien f\u00fcr Ihre Gesundheit und Genuss.\",\"breadcrumb\":{\"@id\":\"https:\\\/\\\/donvital.de\\\/?page_id=1415#breadcrumb\"},\"inLanguage\":\"de\",\"potentialAction\":[{\"@type\":\"ReadAction\",\"target\":[\"https:\\\/\\\/donvital.de\\\/?page_id=1415\"]}]},{\"@type\":\"ImageObject\",\"inLanguage\":\"de\",\"@id\":\"https:\\\/\\\/donvital.de\\\/?page_id=1415#primaryimage\",\"url\":\"https:\\\/\\\/donvital.de\\\/wp-content\\\/uploads\\\/2024\\\/11\\\/reife-clementinenbaeume.jpg\",\"contentUrl\":\"https:\\\/\\\/donvital.de\\\/wp-content\\\/uploads\\\/2024\\\/11\\\/reife-clementinenbaeume.jpg\",\"width\":375,\"height\":500,\"caption\":\"Reife Orange an den Zweigen, angebaut von Don Vital in Andalusien\"},{\"@type\":\"BreadcrumbList\",\"@id\":\"https:\\\/\\\/donvital.de\\\/?page_id=1415#breadcrumb\",\"itemListElement\":[{\"@type\":\"ListItem\",\"position\":1,\"name\":\"Portada\",\"item\":\"https:\\\/\\\/donvital.de\\\/\"},{\"@type\":\"ListItem\",\"position\":2,\"name\":\"Orangen\"}]},{\"@type\":\"WebSite\",\"@id\":\"https:\\\/\\\/donvital.de\\\/#website\",\"url\":\"https:\\\/\\\/donvital.de\\\/\",\"name\":\"Don Vital\",\"description\":\"Qualit\u00e4tsprodukte aus Andalusien\",\"publisher\":{\"@id\":\"https:\\\/\\\/donvital.de\\\/#organization\"},\"potentialAction\":[{\"@type\":\"SearchAction\",\"target\":{\"@type\":\"EntryPoint\",\"urlTemplate\":\"https:\\\/\\\/donvital.de\\\/?s={search_term_string}\"},\"query-input\":{\"@type\":\"PropertyValueSpecification\",\"valueRequired\":true,\"valueName\":\"search_term_string\"}}],\"inLanguage\":\"de\"},{\"@type\":\"Organization\",\"@id\":\"https:\\\/\\\/donvital.de\\\/#organization\",\"name\":\"Don Vital\",\"url\":\"https:\\\/\\\/donvital.de\\\/\",\"logo\":{\"@type\":\"ImageObject\",\"inLanguage\":\"de\",\"@id\":\"https:\\\/\\\/donvital.de\\\/#\\\/schema\\\/logo\\\/image\\\/\",\"url\":\"https:\\\/\\\/donvital.de\\\/wp-content\\\/uploads\\\/2024\\\/11\\\/cropped-logo-u214.png\",\"contentUrl\":\"https:\\\/\\\/donvital.de\\\/wp-content\\\/uploads\\\/2024\\\/11\\\/cropped-logo-u214.png\",\"width\":281,\"height\":104,\"caption\":\"Don Vital\"},\"image\":{\"@id\":\"https:\\\/\\\/donvital.de\\\/#\\\/schema\\\/logo\\\/image\\\/\"}}]}<\/script>\n<!-- \/ Yoast SEO plugin. -->","yoast_head_json":{"title":"Don Vital Orange aus Andalusien | Gesundheit und Frische","description":"Entdecken Sie Don Vital Orangen aus Andalusien. Eine nat\u00fcrliche Quelle f\u00fcr Vitamin C und Antioxidantien f\u00fcr Ihre Gesundheit und Genuss.","robots":{"index":"index","follow":"follow","max-snippet":"max-snippet:-1","max-image-preview":"max-image-preview:large","max-video-preview":"max-video-preview:-1"},"canonical":"https:\/\/donvital.de\/?page_id=1415","og_locale":"de_DE","og_type":"article","og_title":"Don Vital Orange aus Andalusien | Gesundheit und Frische","og_description":"Entdecken Sie Don Vital Orangen aus Andalusien. Eine nat\u00fcrliche Quelle f\u00fcr Vitamin C und Antioxidantien f\u00fcr Ihre Gesundheit und Genuss.","og_url":"https:\/\/donvital.de\/?page_id=1415","og_site_name":"Don Vital","article_modified_time":"2024-11-18T02:49:08+00:00","og_image":[{"url":"http:\/\/donvital.de\/wp-content\/uploads\/2024\/11\/reife-clementinenbaeume.jpg","type":"","width":"","height":""}],"twitter_card":"summary_large_image","twitter_misc":{"Gesch\u00e4tzte Lesezeit":"2\u00a0Minuten"},"schema":{"@context":"https:\/\/schema.org","@graph":[{"@type":"WebPage","@id":"https:\/\/donvital.de\/?page_id=1415","url":"https:\/\/donvital.de\/?page_id=1415","name":"Don Vital Orange aus Andalusien | Gesundheit und Frische","isPartOf":{"@id":"https:\/\/donvital.de\/#website"},"primaryImageOfPage":{"@id":"https:\/\/donvital.de\/?page_id=1415#primaryimage"},"image":{"@id":"https:\/\/donvital.de\/?page_id=1415#primaryimage"},"thumbnailUrl":"http:\/\/donvital.de\/wp-content\/uploads\/2024\/11\/reife-clementinenbaeume.jpg","datePublished":"2024-11-15T05:00:26+00:00","dateModified":"2024-11-18T02:49:08+00:00","description":"Entdecken Sie Don Vital Orangen aus Andalusien. Eine nat\u00fcrliche Quelle f\u00fcr Vitamin C und Antioxidantien f\u00fcr Ihre Gesundheit und Genuss.","breadcrumb":{"@id":"https:\/\/donvital.de\/?page_id=1415#breadcrumb"},"inLanguage":"de","potentialAction":[{"@type":"ReadAction","target":["https:\/\/donvital.de\/?page_id=1415"]}]},{"@type":"ImageObject","inLanguage":"de","@id":"https:\/\/donvital.de\/?page_id=1415#primaryimage","url":"https:\/\/donvital.de\/wp-content\/uploads\/2024\/11\/reife-clementinenbaeume.jpg","contentUrl":"https:\/\/donvital.de\/wp-content\/uploads\/2024\/11\/reife-clementinenbaeume.jpg","width":375,"height":500,"caption":"Reife Orange an den Zweigen, angebaut von Don Vital in Andalusien"},{"@type":"BreadcrumbList","@id":"https:\/\/donvital.de\/?page_id=1415#breadcrumb","itemListElement":[{"@type":"ListItem","position":1,"name":"Portada","item":"https:\/\/donvital.de\/"},{"@type":"ListItem","position":2,"name":"Orangen"}]},{"@type":"WebSite","@id":"https:\/\/donvital.de\/#website","url":"https:\/\/donvital.de\/","name":"Don Vital","description":"Qualit\u00e4tsprodukte aus Andalusien","publisher":{"@id":"https:\/\/donvital.de\/#organization"},"potentialAction":[{"@type":"SearchAction","target":{"@type":"EntryPoint","urlTemplate":"https:\/\/donvital.de\/?s={search_term_string}"},"query-input":{"@type":"PropertyValueSpecification","valueRequired":true,"valueName":"search_term_string"}}],"inLanguage":"de"},{"@type":"Organization","@id":"https:\/\/donvital.de\/#organization","name":"Don Vital","url":"https:\/\/donvital.de\/","logo":{"@type":"ImageObject","inLanguage":"de","@id":"https:\/\/donvital.de\/#\/schema\/logo\/image\/","url":"https:\/\/donvital.de\/wp-content\/uploads\/2024\/11\/cropped-logo-u214.png","contentUrl":"https:\/\/donvital.de\/wp-content\/uploads\/2024\/11\/cropped-logo-u214.png","width":281,"height":104,"caption":"Don Vital"},"image":{"@id":"https:\/\/donvital.de\/#\/schema\/logo\/image\/"}}]}},"_links":{"self":[{"href":"https:\/\/donvital.de\/index.php?rest_route=\/wp\/v2\/pages\/1415","targetHints":{"allow":["GET"]}}],"collection":[{"href":"https:\/\/donvital.de\/index.php?rest_route=\/wp\/v2\/pages"}],"about":[{"href":"https:\/\/donvital.de\/index.php?rest_route=\/wp\/v2\/types\/page"}],"author":[{"embeddable":true,"href":"https:\/\/donvital.de\/index.php?rest_route=\/wp\/v2\/users\/1"}],"replies":[{"embeddable":true,"href":"https:\/\/donvital.de\/index.php?rest_route=%2Fwp%2Fv2%2Fcomments&post=1415"}],"version-history":[{"count":7,"href":"https:\/\/donvital.de\/index.php?rest_route=\/wp\/v2\/pages\/1415\/revisions"}],"predecessor-version":[{"id":2330,"href":"https:\/\/donvital.de\/index.php?rest_route=\/wp\/v2\/pages\/1415\/revisions\/2330"}],"wp:attachment":[{"href":"https:\/\/donvital.de\/index.php?rest_route=%2Fwp%2Fv2%2Fmedia&parent=1415"}],"curies":[{"name":"wp","href":"https:\/\/api.w.org\/{rel}","templated":true}]}}