{"id":1417,"date":"2024-11-15T06:38:41","date_gmt":"2024-11-15T05:38:41","guid":{"rendered":"http:\/\/donvital.de\/?page_id=1417"},"modified":"2024-11-18T03:57:23","modified_gmt":"2024-11-18T02:57:23","slug":"qualitaet","status":"publish","type":"page","link":"https:\/\/donvital.de\/?page_id=1417","title":{"rendered":"Qualit\u00e4t"},"content":{"rendered":"\t\t<div data-elementor-type=\"wp-post\" data-elementor-id=\"1417\" class=\"elementor elementor-1417\">\n\t\t\t\t<div class=\"elementor-element elementor-element-6edae6e e-con-full e-flex e-con e-parent\" data-id=\"6edae6e\" data-element_type=\"container\" data-e-type=\"container\" data-settings=\"{&quot;background_background&quot;:&quot;classic&quot;}\">\n\t\t\t\t<\/div>\n\t\t<div class=\"elementor-element elementor-element-6ec0cc4 e-flex e-con-boxed e-con e-parent\" data-id=\"6ec0cc4\" data-element_type=\"container\" data-e-type=\"container\">\n\t\t\t\t\t<div class=\"e-con-inner\">\n\t\t\t\t<div class=\"elementor-element elementor-element-0989759 bienvenida-encabezado elementor-widget-mobile__width-initial elementor-widget elementor-widget-heading\" data-id=\"0989759\" data-element_type=\"widget\" data-e-type=\"widget\" data-widget_type=\"heading.default\">\n\t\t\t\t<div class=\"elementor-widget-container\">\n\t\t\t\t\t<h2 class=\"elementor-heading-title elementor-size-default\"><span class=\"don\">Das Markenzeichen<\/span> von  <span class=\"don\">Don<\/span> <span class=\"vital\">Vital<\/span>, sind  Frische, Geschmack und Qualit\u00e4t!<\/h2>\t\t\t\t<\/div>\n\t\t\t\t<\/div>\n\t\t\t\t<div class=\"elementor-element elementor-element-2e12765 elementor-widget elementor-widget-heading\" data-id=\"2e12765\" data-element_type=\"widget\" data-e-type=\"widget\" data-widget_type=\"heading.default\">\n\t\t\t\t<div class=\"elementor-widget-container\">\n\t\t\t\t\t<h2 class=\"elementor-heading-title elementor-size-default\">Was versteht man unter Qualit\u00e4t?<\/h2>\t\t\t\t<\/div>\n\t\t\t\t<\/div>\n\t\t\t\t<div class=\"elementor-element elementor-element-0646c0f elementor-widget elementor-widget-text-editor\" data-id=\"0646c0f\" data-element_type=\"widget\" data-e-type=\"widget\" data-widget_type=\"text-editor.default\">\n\t\t\t\t<div class=\"elementor-widget-container\">\n\t\t\t\t\t\t\t\t\tNach den gesetzlichen Regelungen wird die Qualit\u00e4t von Fr\u00fcchten nach objektiven Kriterien wie Gr\u00f6\u00dfe, Gewicht, Farbe, Sauberkeit und R\u00fcckstandsmengen beurteilt, was zu einer eine produktorientierte Qualit\u00e4ts-Einstufung f\u00fchrt.\n\nLeider geht bei diesen durchaus wichtigen Kriterien das subjektive Kriterium \u201eGeschmack\u201c auf Handelsebene verloren. F\u00fcr \u201e<span class=\"don\">Don<\/span> <span class=\"vital\">Vital<\/span>\u201c steht das Kriterium \u201eGeschmack\u201c an Erster Stelle im Sinne der kundenorientierten Qualit\u00e4t. Qualit\u00e4tsmanagement beginnt f\u00fcr \u201e<span class=\"don\">Don<\/span> <span class=\"vital\">Vital<\/span>\u201c bereits in der Produktion. Deshalb kommt der Qualit\u00e4tssicherung mit unseren Erzeugern eine besondere Bedeutung zu. Dazu stehen wir in st\u00e4ndigem Kontakt mit unseren Orangen-Bauern, unseren Partnern, und \u00fcberzeugen uns regelm\u00e4\u00dfig \u00fcber das Jahr selber vor Ort von der Einhaltung der Qualit\u00e4tsstandards. Dar\u00fcber hinaus lassen wir regelm\u00e4\u00dfig auf dem Feld und nach der Ernte externe R\u00fcckstandsanalysen durchf\u00fchren um die Lebensmittelsicherheit zu garantieren. Geerntet werden die reifen Fr\u00fcchte ausschlie\u00dflich per Hand von geschulten Erntehelfern. In der Abpack-Station erfolgt nochmals eine Hand-Selektion und was hierbei nicht den strengen Qualit\u00e4tsanforderungen von \u201e<span class=\"don\">Don<\/span> <span class=\"vital\">Vital<\/span>\u201c entpricht, wird unter Zweitmarken vertrieben oder in die industrielle Verarbeitung gegeben.\t\t\t\t\t\t\t\t<\/div>\n\t\t\t\t<\/div>\n\t\t\t\t\t<\/div>\n\t\t\t\t<\/div>\n\t\t<div class=\"elementor-element elementor-element-97fa397 e-con-full e-flex e-con e-parent\" data-id=\"97fa397\" data-element_type=\"container\" data-e-type=\"container\" data-settings=\"{&quot;background_background&quot;:&quot;classic&quot;}\">\n\t\t\t\t<\/div>\n\t\t\t\t<\/div>\n\t\t","protected":false},"excerpt":{"rendered":"<p>Das Markenzeichen von Don Vital, sind Frische, Geschmack und Qualit\u00e4t! Was versteht man unter Qualit\u00e4t? Nach den gesetzlichen Regelungen wird die Qualit\u00e4t von Fr\u00fcchten nach objektiven Kriterien wie Gr\u00f6\u00dfe, Gewicht, Farbe, Sauberkeit und R\u00fcckstandsmengen beurteilt, was zu einer eine produktorientierte Qualit\u00e4ts-Einstufung f\u00fchrt. Leider geht bei diesen durchaus wichtigen Kriterien das subjektive Kriterium \u201eGeschmack\u201c auf Handelsebene [&hellip;]<\/p>\n","protected":false},"author":1,"featured_media":0,"parent":0,"menu_order":0,"comment_status":"closed","ping_status":"closed","template":"elementor_header_footer","meta":{"ocean_post_layout":"full-width","ocean_both_sidebars_style":"","ocean_both_sidebars_content_width":0,"ocean_both_sidebars_sidebars_width":0,"ocean_sidebar":"","ocean_second_sidebar":"","ocean_disable_margins":"enable","ocean_add_body_class":"","ocean_shortcode_before_top_bar":"","ocean_shortcode_after_top_bar":"","ocean_shortcode_before_header":"","ocean_shortcode_after_header":"","ocean_has_shortcode":"","ocean_shortcode_after_title":"","ocean_shortcode_before_footer_widgets":"","ocean_shortcode_after_footer_widgets":"","ocean_shortcode_before_footer_bottom":"","ocean_shortcode_after_footer_bottom":"","ocean_display_top_bar":"default","ocean_display_header":"default","ocean_header_style":"","ocean_center_header_left_menu":"","ocean_custom_header_template":"","ocean_custom_logo":0,"ocean_custom_retina_logo":0,"ocean_custom_logo_max_width":0,"ocean_custom_logo_tablet_max_width":0,"ocean_custom_logo_mobile_max_width":0,"ocean_custom_logo_max_height":0,"ocean_custom_logo_tablet_max_height":0,"ocean_custom_logo_mobile_max_height":0,"ocean_header_custom_menu":"","ocean_menu_typo_font_family":"","ocean_menu_typo_font_subset":"","ocean_menu_typo_font_size":0,"ocean_menu_typo_font_size_tablet":0,"ocean_menu_typo_font_size_mobile":0,"ocean_menu_typo_font_size_unit":"px","ocean_menu_typo_font_weight":"","ocean_menu_typo_font_weight_tablet":"","ocean_menu_typo_font_weight_mobile":"","ocean_menu_typo_transform":"","ocean_menu_typo_transform_tablet":"","ocean_menu_typo_transform_mobile":"","ocean_menu_typo_line_height":0,"ocean_menu_typo_line_height_tablet":0,"ocean_menu_typo_line_height_mobile":0,"ocean_menu_typo_line_height_unit":"","ocean_menu_typo_spacing":0,"ocean_menu_typo_spacing_tablet":0,"ocean_menu_typo_spacing_mobile":0,"ocean_menu_typo_spacing_unit":"","ocean_menu_link_color":"","ocean_menu_link_color_hover":"","ocean_menu_link_color_active":"","ocean_menu_link_background":"","ocean_menu_link_hover_background":"","ocean_menu_link_active_background":"","ocean_menu_social_links_bg":"","ocean_menu_social_hover_links_bg":"","ocean_menu_social_links_color":"","ocean_menu_social_hover_links_color":"","ocean_disable_title":"on","ocean_disable_heading":"default","ocean_post_title":"","ocean_post_subheading":"","ocean_post_title_style":"","ocean_post_title_background_color":"","ocean_post_title_background":0,"ocean_post_title_bg_image_position":"","ocean_post_title_bg_image_attachment":"","ocean_post_title_bg_image_repeat":"","ocean_post_title_bg_image_size":"","ocean_post_title_height":0,"ocean_post_title_bg_overlay":0.5,"ocean_post_title_bg_overlay_color":"","ocean_disable_breadcrumbs":"default","ocean_breadcrumbs_color":"","ocean_breadcrumbs_separator_color":"","ocean_breadcrumbs_links_color":"","ocean_breadcrumbs_links_hover_color":"","ocean_display_footer_widgets":"default","ocean_display_footer_bottom":"default","ocean_custom_footer_template":"","footnotes":""},"class_list":["post-1417","page","type-page","status-publish","hentry","entry"],"yoast_head":"<!-- This site is optimized with the Yoast SEO plugin v27.4 - https:\/\/yoast.com\/product\/yoast-seo-wordpress\/ -->\n<title>Fruchtqualit\u00e4t | Frische, Geschmack und Sicherheit bei Don Vital<\/title>\n<meta name=\"description\" content=\"Don Vital asegura la calidad de sus frutas con control exhaustivo y pruebas constantes para garantizar frescura, sabor y seguridad.\" \/>\n<meta name=\"robots\" content=\"index, follow, max-snippet:-1, max-image-preview:large, max-video-preview:-1\" \/>\n<link rel=\"canonical\" href=\"https:\/\/donvital.de\/?page_id=1417\" \/>\n<meta property=\"og:locale\" content=\"de_DE\" \/>\n<meta property=\"og:type\" content=\"article\" \/>\n<meta property=\"og:title\" content=\"Fruchtqualit\u00e4t | Frische, Geschmack und Sicherheit bei Don Vital\" \/>\n<meta property=\"og:description\" content=\"Don Vital asegura la calidad de sus frutas con control exhaustivo y pruebas constantes para garantizar frescura, sabor y seguridad.\" \/>\n<meta property=\"og:url\" content=\"https:\/\/donvital.de\/?page_id=1417\" \/>\n<meta property=\"og:site_name\" content=\"Don Vital\" \/>\n<meta property=\"article:modified_time\" content=\"2024-11-18T02:57:23+00:00\" \/>\n<meta name=\"twitter:card\" content=\"summary_large_image\" \/>\n<meta name=\"twitter:label1\" content=\"Gesch\u00e4tzte Lesezeit\" \/>\n\t<meta name=\"twitter:data1\" content=\"1\u00a0Minute\" \/>\n<script type=\"application\/ld+json\" class=\"yoast-schema-graph\">{\"@context\":\"https:\\\/\\\/schema.org\",\"@graph\":[{\"@type\":\"WebPage\",\"@id\":\"https:\\\/\\\/donvital.de\\\/?page_id=1417\",\"url\":\"https:\\\/\\\/donvital.de\\\/?page_id=1417\",\"name\":\"Fruchtqualit\u00e4t | Frische, Geschmack und Sicherheit bei Don Vital\",\"isPartOf\":{\"@id\":\"https:\\\/\\\/donvital.de\\\/#website\"},\"datePublished\":\"2024-11-15T05:38:41+00:00\",\"dateModified\":\"2024-11-18T02:57:23+00:00\",\"description\":\"Don Vital asegura la calidad de sus frutas con control exhaustivo y pruebas constantes para garantizar frescura, sabor y seguridad.\",\"breadcrumb\":{\"@id\":\"https:\\\/\\\/donvital.de\\\/?page_id=1417#breadcrumb\"},\"inLanguage\":\"de\",\"potentialAction\":[{\"@type\":\"ReadAction\",\"target\":[\"https:\\\/\\\/donvital.de\\\/?page_id=1417\"]}]},{\"@type\":\"BreadcrumbList\",\"@id\":\"https:\\\/\\\/donvital.de\\\/?page_id=1417#breadcrumb\",\"itemListElement\":[{\"@type\":\"ListItem\",\"position\":1,\"name\":\"Portada\",\"item\":\"https:\\\/\\\/donvital.de\\\/\"},{\"@type\":\"ListItem\",\"position\":2,\"name\":\"Qualit\u00e4t\"}]},{\"@type\":\"WebSite\",\"@id\":\"https:\\\/\\\/donvital.de\\\/#website\",\"url\":\"https:\\\/\\\/donvital.de\\\/\",\"name\":\"Don Vital\",\"description\":\"Qualit\u00e4tsprodukte aus Andalusien\",\"publisher\":{\"@id\":\"https:\\\/\\\/donvital.de\\\/#organization\"},\"potentialAction\":[{\"@type\":\"SearchAction\",\"target\":{\"@type\":\"EntryPoint\",\"urlTemplate\":\"https:\\\/\\\/donvital.de\\\/?s={search_term_string}\"},\"query-input\":{\"@type\":\"PropertyValueSpecification\",\"valueRequired\":true,\"valueName\":\"search_term_string\"}}],\"inLanguage\":\"de\"},{\"@type\":\"Organization\",\"@id\":\"https:\\\/\\\/donvital.de\\\/#organization\",\"name\":\"Don Vital\",\"url\":\"https:\\\/\\\/donvital.de\\\/\",\"logo\":{\"@type\":\"ImageObject\",\"inLanguage\":\"de\",\"@id\":\"https:\\\/\\\/donvital.de\\\/#\\\/schema\\\/logo\\\/image\\\/\",\"url\":\"https:\\\/\\\/donvital.de\\\/wp-content\\\/uploads\\\/2024\\\/11\\\/cropped-logo-u214.png\",\"contentUrl\":\"https:\\\/\\\/donvital.de\\\/wp-content\\\/uploads\\\/2024\\\/11\\\/cropped-logo-u214.png\",\"width\":281,\"height\":104,\"caption\":\"Don Vital\"},\"image\":{\"@id\":\"https:\\\/\\\/donvital.de\\\/#\\\/schema\\\/logo\\\/image\\\/\"}}]}<\/script>\n<!-- \/ Yoast SEO plugin. -->","yoast_head_json":{"title":"Fruchtqualit\u00e4t | Frische, Geschmack und Sicherheit bei Don Vital","description":"Don Vital asegura la calidad de sus frutas con control exhaustivo y pruebas constantes para garantizar frescura, sabor y seguridad.","robots":{"index":"index","follow":"follow","max-snippet":"max-snippet:-1","max-image-preview":"max-image-preview:large","max-video-preview":"max-video-preview:-1"},"canonical":"https:\/\/donvital.de\/?page_id=1417","og_locale":"de_DE","og_type":"article","og_title":"Fruchtqualit\u00e4t | Frische, Geschmack und Sicherheit bei Don Vital","og_description":"Don Vital asegura la calidad de sus frutas con control exhaustivo y pruebas constantes para garantizar frescura, sabor y seguridad.","og_url":"https:\/\/donvital.de\/?page_id=1417","og_site_name":"Don Vital","article_modified_time":"2024-11-18T02:57:23+00:00","twitter_card":"summary_large_image","twitter_misc":{"Gesch\u00e4tzte Lesezeit":"1\u00a0Minute"},"schema":{"@context":"https:\/\/schema.org","@graph":[{"@type":"WebPage","@id":"https:\/\/donvital.de\/?page_id=1417","url":"https:\/\/donvital.de\/?page_id=1417","name":"Fruchtqualit\u00e4t | Frische, Geschmack und Sicherheit bei Don Vital","isPartOf":{"@id":"https:\/\/donvital.de\/#website"},"datePublished":"2024-11-15T05:38:41+00:00","dateModified":"2024-11-18T02:57:23+00:00","description":"Don Vital asegura la calidad de sus frutas con control exhaustivo y pruebas constantes para garantizar frescura, sabor y seguridad.","breadcrumb":{"@id":"https:\/\/donvital.de\/?page_id=1417#breadcrumb"},"inLanguage":"de","potentialAction":[{"@type":"ReadAction","target":["https:\/\/donvital.de\/?page_id=1417"]}]},{"@type":"BreadcrumbList","@id":"https:\/\/donvital.de\/?page_id=1417#breadcrumb","itemListElement":[{"@type":"ListItem","position":1,"name":"Portada","item":"https:\/\/donvital.de\/"},{"@type":"ListItem","position":2,"name":"Qualit\u00e4t"}]},{"@type":"WebSite","@id":"https:\/\/donvital.de\/#website","url":"https:\/\/donvital.de\/","name":"Don Vital","description":"Qualit\u00e4tsprodukte aus Andalusien","publisher":{"@id":"https:\/\/donvital.de\/#organization"},"potentialAction":[{"@type":"SearchAction","target":{"@type":"EntryPoint","urlTemplate":"https:\/\/donvital.de\/?s={search_term_string}"},"query-input":{"@type":"PropertyValueSpecification","valueRequired":true,"valueName":"search_term_string"}}],"inLanguage":"de"},{"@type":"Organization","@id":"https:\/\/donvital.de\/#organization","name":"Don Vital","url":"https:\/\/donvital.de\/","logo":{"@type":"ImageObject","inLanguage":"de","@id":"https:\/\/donvital.de\/#\/schema\/logo\/image\/","url":"https:\/\/donvital.de\/wp-content\/uploads\/2024\/11\/cropped-logo-u214.png","contentUrl":"https:\/\/donvital.de\/wp-content\/uploads\/2024\/11\/cropped-logo-u214.png","width":281,"height":104,"caption":"Don Vital"},"image":{"@id":"https:\/\/donvital.de\/#\/schema\/logo\/image\/"}}]}},"_links":{"self":[{"href":"https:\/\/donvital.de\/index.php?rest_route=\/wp\/v2\/pages\/1417","targetHints":{"allow":["GET"]}}],"collection":[{"href":"https:\/\/donvital.de\/index.php?rest_route=\/wp\/v2\/pages"}],"about":[{"href":"https:\/\/donvital.de\/index.php?rest_route=\/wp\/v2\/types\/page"}],"author":[{"embeddable":true,"href":"https:\/\/donvital.de\/index.php?rest_route=\/wp\/v2\/users\/1"}],"replies":[{"embeddable":true,"href":"https:\/\/donvital.de\/index.php?rest_route=%2Fwp%2Fv2%2Fcomments&post=1417"}],"version-history":[{"count":22,"href":"https:\/\/donvital.de\/index.php?rest_route=\/wp\/v2\/pages\/1417\/revisions"}],"predecessor-version":[{"id":2342,"href":"https:\/\/donvital.de\/index.php?rest_route=\/wp\/v2\/pages\/1417\/revisions\/2342"}],"wp:attachment":[{"href":"https:\/\/donvital.de\/index.php?rest_route=%2Fwp%2Fv2%2Fmedia&parent=1417"}],"curies":[{"name":"wp","href":"https:\/\/api.w.org\/{rel}","templated":true}]}}