{"id":1418,"date":"2024-11-15T06:05:17","date_gmt":"2024-11-15T05:05:17","guid":{"rendered":"http:\/\/donvital.de\/?page_id=1418"},"modified":"2024-11-18T05:31:31","modified_gmt":"2024-11-18T04:31:31","slug":"clementinen","status":"publish","type":"page","link":"https:\/\/donvital.de\/?page_id=1418","title":{"rendered":"Clementinen"},"content":{"rendered":"\t\t<div data-elementor-type=\"wp-post\" data-elementor-id=\"1418\" class=\"elementor elementor-1418\">\n\t\t\t\t<div class=\"elementor-element elementor-element-6edae6e e-con-full e-flex e-con e-parent\" data-id=\"6edae6e\" data-element_type=\"container\" data-e-type=\"container\" data-settings=\"{&quot;background_background&quot;:&quot;classic&quot;}\">\n\t\t\t\t<\/div>\n\t\t<div class=\"elementor-element elementor-element-34ec678 e-con-full e-flex e-con e-parent\" data-id=\"34ec678\" data-element_type=\"container\" data-e-type=\"container\">\n\t\t<div class=\"elementor-element elementor-element-e959747 e-con-full e-flex e-con e-child\" data-id=\"e959747\" data-element_type=\"container\" data-e-type=\"container\">\n\t\t\t\t<div class=\"elementor-element elementor-element-6485017 elementor-widget elementor-widget-image\" data-id=\"6485017\" data-element_type=\"widget\" data-e-type=\"widget\" data-widget_type=\"image.default\">\n\t\t\t\t<div class=\"elementor-widget-container\">\n\t\t\t\t\t\t\t\t\t\t\t\t\t\t\t<img fetchpriority=\"high\" decoding=\"async\" width=\"500\" height=\"375\" src=\"https:\/\/donvital.de\/wp-content\/uploads\/2024\/11\/P1060134-1.jpg\" class=\"attachment-medium_large size-medium_large wp-image-1326\" alt=\"Reife Clementinenzweige, bereit zur Ernte in Andalusien\" srcset=\"https:\/\/donvital.de\/wp-content\/uploads\/2024\/11\/P1060134-1.jpg 500w, https:\/\/donvital.de\/wp-content\/uploads\/2024\/11\/P1060134-1-300x225.jpg 300w\" sizes=\"(max-width: 500px) 100vw, 500px\" \/>\t\t\t\t\t\t\t\t\t\t\t\t\t\t\t<\/div>\n\t\t\t\t<\/div>\n\t\t\t\t<\/div>\n\t\t<div class=\"elementor-element elementor-element-4362fb9 e-con-full e-flex e-con e-child\" data-id=\"4362fb9\" data-element_type=\"container\" data-e-type=\"container\">\n\t\t\t\t<div class=\"elementor-element elementor-element-9b48c17 bienvenida-encabezado elementor-widget elementor-widget-heading\" data-id=\"9b48c17\" data-element_type=\"widget\" data-e-type=\"widget\" data-widget_type=\"heading.default\">\n\t\t\t\t<div class=\"elementor-widget-container\">\n\t\t\t\t\t<h1 class=\"elementor-heading-title elementor-size-default\"><span class=\"don\">C<\/span><span class=\"vital\">lementinen<\/span><\/h1>\t\t\t\t<\/div>\n\t\t\t\t<\/div>\n\t\t\t\t<div class=\"elementor-element elementor-element-567b9b1 bienvenida-encabezado elementor-widget elementor-widget-text-editor\" data-id=\"567b9b1\" data-element_type=\"widget\" data-e-type=\"widget\" data-widget_type=\"text-editor.default\">\n\t\t\t\t<div class=\"elementor-widget-container\">\n\t\t\t\t\t\t\t\t\tBei Clementinen lohnt sich vor dem Kauf trotzdem der Blick auf die Schale, denn die sitzt bei reifen Fr\u00fcchten lockerer. Allerdings sind sehr weiche Fr\u00fcchte wiederum schon zu alt.\n\nClementinen k\u00f6nnen beim N\u00e4hrwert nicht ganz mithalten, ihr Vitamin-C-Gehalt ist z. B. um ein Drittel niedriger als der von Orangen. Kalorienm\u00e4\u00dfig treten die Zitrusfr\u00fcchte eher bescheiden auf, im Schnitt 42 kcal pro 100 g bei Orangen und 46 kcal bei Clementinen machen sie zu einer idealen Zwischenmahlzeit f\u00fcr figurbewusste Genie\u00dfer.\t\t\t\t\t\t\t\t<\/div>\n\t\t\t\t<\/div>\n\t\t\t\t<\/div>\n\t\t\t\t<\/div>\n\t\t<div class=\"elementor-element elementor-element-38fe338 e-flex e-con-boxed e-con e-parent\" data-id=\"38fe338\" data-element_type=\"container\" data-e-type=\"container\" data-settings=\"{&quot;background_background&quot;:&quot;classic&quot;}\">\n\t\t\t\t\t<div class=\"e-con-inner\">\n\t\t<div class=\"elementor-element elementor-element-9468b63 e-con-full e-flex e-con e-child\" data-id=\"9468b63\" data-element_type=\"container\" data-e-type=\"container\">\n\t\t\t\t<div class=\"elementor-element elementor-element-9672ea7 elementor-widget elementor-widget-heading\" data-id=\"9672ea7\" data-element_type=\"widget\" data-e-type=\"widget\" data-widget_type=\"heading.default\">\n\t\t\t\t<div class=\"elementor-widget-container\">\n\t\t\t\t\t<h2 class=\"elementor-heading-title elementor-size-default\">Unser Tipp<\/h2>\t\t\t\t<\/div>\n\t\t\t\t<\/div>\n\t\t\t\t<\/div>\n\t\t<div class=\"elementor-element elementor-element-e75b83c e-con-full e-flex e-con e-child\" data-id=\"e75b83c\" data-element_type=\"container\" data-e-type=\"container\" data-settings=\"{&quot;background_background&quot;:&quot;classic&quot;}\">\n\t\t\t\t<div class=\"elementor-element elementor-element-032582e elementor-widget elementor-widget-text-editor\" data-id=\"032582e\" data-element_type=\"widget\" data-e-type=\"widget\" data-widget_type=\"text-editor.default\">\n\t\t\t\t<div class=\"elementor-widget-container\">\n\t\t\t\t\t\t\t\t\tZitrusfr\u00fcchte nie mit geruchsempfindlichen Lebensmitteln lagern (andere Obst- und Gem\u00fcsesorten, K\u00e4se, Eier, Fette, Fleisch), da sie geruchsinfizierend sind.\nDie Fr\u00fcchte sollten k\u00fchl, bei 5\u00b0 C, gelagert werden. Zum Verzehr sollten sie auf Zimmertemperatur temperiert werden, um das volle Aroma genie\u00dfen zu k\u00f6nnen.\t\t\t\t\t\t\t\t<\/div>\n\t\t\t\t<\/div>\n\t\t\t\t<div class=\"elementor-element elementor-element-c2f00a4 elementor-widget-divider--view-line elementor-widget elementor-widget-divider\" data-id=\"c2f00a4\" data-element_type=\"widget\" data-e-type=\"widget\" data-widget_type=\"divider.default\">\n\t\t\t\t<div class=\"elementor-widget-container\">\n\t\t\t\t\t\t\t<div class=\"elementor-divider\">\n\t\t\t<span class=\"elementor-divider-separator\">\n\t\t\t\t\t\t<\/span>\n\t\t<\/div>\n\t\t\t\t\t\t<\/div>\n\t\t\t\t<\/div>\n\t\t\t\t<div class=\"elementor-element elementor-element-60225f4 elementor-widget elementor-widget-text-editor\" data-id=\"60225f4\" data-element_type=\"widget\" data-e-type=\"widget\" data-widget_type=\"text-editor.default\">\n\t\t\t\t<div class=\"elementor-widget-container\">\n\t\t\t\t\t\t\t\t\tK\u00fchl gelagert sind Orangen mehrere Wochen haltbar, die Temperatur ist weniger f\u00fcr die Qualit\u00e4t wichtig, vielmehr gegen die Vermehrung der anfallenden Schimmelpilze. Deshalb sollten Sie beim Kauf auf einzeln verdorbene Fr\u00fcchte achten, die aber die anderen keineswegs in der Qualit\u00e4t beeintr\u00e4chtigen. Auch bei einer l\u00e4ngeren Lagerung zu Hause ist ein gelegentliches Sortieren unabdingbar.\t\t\t\t\t\t\t\t<\/div>\n\t\t\t\t<\/div>\n\t\t\t\t<\/div>\n\t\t\t\t\t<\/div>\n\t\t\t\t<\/div>\n\t\t<div class=\"elementor-element elementor-element-97fa397 e-con-full e-flex e-con e-parent\" data-id=\"97fa397\" data-element_type=\"container\" data-e-type=\"container\" data-settings=\"{&quot;background_background&quot;:&quot;classic&quot;}\">\n\t\t\t\t<\/div>\n\t\t\t\t<\/div>\n\t\t","protected":false},"excerpt":{"rendered":"<p>Clementinen Bei Clementinen lohnt sich vor dem Kauf trotzdem der Blick auf die Schale, denn die sitzt bei reifen Fr\u00fcchten lockerer. Allerdings sind sehr weiche Fr\u00fcchte wiederum schon zu alt. Clementinen k\u00f6nnen beim N\u00e4hrwert nicht ganz mithalten, ihr Vitamin-C-Gehalt ist z. B. um ein Drittel niedriger als der von Orangen. Kalorienm\u00e4\u00dfig treten die Zitrusfr\u00fcchte eher [&hellip;]<\/p>\n","protected":false},"author":1,"featured_media":0,"parent":0,"menu_order":0,"comment_status":"closed","ping_status":"closed","template":"elementor_header_footer","meta":{"ocean_post_layout":"full-width","ocean_both_sidebars_style":"","ocean_both_sidebars_content_width":0,"ocean_both_sidebars_sidebars_width":0,"ocean_sidebar":"","ocean_second_sidebar":"","ocean_disable_margins":"enable","ocean_add_body_class":"","ocean_shortcode_before_top_bar":"","ocean_shortcode_after_top_bar":"","ocean_shortcode_before_header":"","ocean_shortcode_after_header":"","ocean_has_shortcode":"","ocean_shortcode_after_title":"","ocean_shortcode_before_footer_widgets":"","ocean_shortcode_after_footer_widgets":"","ocean_shortcode_before_footer_bottom":"","ocean_shortcode_after_footer_bottom":"","ocean_display_top_bar":"default","ocean_display_header":"default","ocean_header_style":"","ocean_center_header_left_menu":"","ocean_custom_header_template":"","ocean_custom_logo":0,"ocean_custom_retina_logo":0,"ocean_custom_logo_max_width":0,"ocean_custom_logo_tablet_max_width":0,"ocean_custom_logo_mobile_max_width":0,"ocean_custom_logo_max_height":0,"ocean_custom_logo_tablet_max_height":0,"ocean_custom_logo_mobile_max_height":0,"ocean_header_custom_menu":"","ocean_menu_typo_font_family":"","ocean_menu_typo_font_subset":"","ocean_menu_typo_font_size":0,"ocean_menu_typo_font_size_tablet":0,"ocean_menu_typo_font_size_mobile":0,"ocean_menu_typo_font_size_unit":"px","ocean_menu_typo_font_weight":"","ocean_menu_typo_font_weight_tablet":"","ocean_menu_typo_font_weight_mobile":"","ocean_menu_typo_transform":"","ocean_menu_typo_transform_tablet":"","ocean_menu_typo_transform_mobile":"","ocean_menu_typo_line_height":0,"ocean_menu_typo_line_height_tablet":0,"ocean_menu_typo_line_height_mobile":0,"ocean_menu_typo_line_height_unit":"","ocean_menu_typo_spacing":0,"ocean_menu_typo_spacing_tablet":0,"ocean_menu_typo_spacing_mobile":0,"ocean_menu_typo_spacing_unit":"","ocean_menu_link_color":"","ocean_menu_link_color_hover":"","ocean_menu_link_color_active":"","ocean_menu_link_background":"","ocean_menu_link_hover_background":"","ocean_menu_link_active_background":"","ocean_menu_social_links_bg":"","ocean_menu_social_hover_links_bg":"","ocean_menu_social_links_color":"","ocean_menu_social_hover_links_color":"","ocean_disable_title":"on","ocean_disable_heading":"default","ocean_post_title":"","ocean_post_subheading":"","ocean_post_title_style":"","ocean_post_title_background_color":"","ocean_post_title_background":0,"ocean_post_title_bg_image_position":"","ocean_post_title_bg_image_attachment":"","ocean_post_title_bg_image_repeat":"","ocean_post_title_bg_image_size":"","ocean_post_title_height":0,"ocean_post_title_bg_overlay":0.5,"ocean_post_title_bg_overlay_color":"","ocean_disable_breadcrumbs":"default","ocean_breadcrumbs_color":"","ocean_breadcrumbs_separator_color":"","ocean_breadcrumbs_links_color":"","ocean_breadcrumbs_links_hover_color":"","ocean_display_footer_widgets":"default","ocean_display_footer_bottom":"default","ocean_custom_footer_template":"","footnotes":""},"class_list":["post-1418","page","type-page","status-publish","hentry","entry"],"yoast_head":"<!-- This site is optimized with the Yoast SEO plugin v27.5 - https:\/\/yoast.com\/product\/yoast-seo-wordpress\/ -->\n<title>Don Vital Clementinen | Geschmack und Frische aus Andalusien<\/title>\n<meta name=\"description\" content=\"Entdecken Sie Don Vital Clementinen aus Andalusien: Saftig und frisch, ideal f\u00fcr Ihre Gesundheit und einzigartigen Genuss.\" \/>\n<meta name=\"robots\" content=\"index, follow, max-snippet:-1, max-image-preview:large, max-video-preview:-1\" \/>\n<link rel=\"canonical\" href=\"https:\/\/donvital.de\/?page_id=1418\" \/>\n<meta property=\"og:locale\" content=\"de_DE\" \/>\n<meta property=\"og:type\" content=\"article\" \/>\n<meta property=\"og:title\" content=\"Don Vital Clementinen | Geschmack und Frische aus Andalusien\" \/>\n<meta property=\"og:description\" content=\"Entdecken Sie Don Vital Clementinen aus Andalusien: Saftig und frisch, ideal f\u00fcr Ihre Gesundheit und einzigartigen Genuss.\" \/>\n<meta property=\"og:url\" content=\"https:\/\/donvital.de\/?page_id=1418\" \/>\n<meta property=\"og:site_name\" content=\"Don Vital\" \/>\n<meta property=\"article:modified_time\" content=\"2024-11-18T04:31:31+00:00\" \/>\n<meta property=\"og:image\" content=\"http:\/\/donvital.de\/wp-content\/uploads\/2024\/11\/P1060134-1.jpg\" \/>\n<meta name=\"twitter:card\" content=\"summary_large_image\" \/>\n<meta name=\"twitter:label1\" content=\"Gesch\u00e4tzte Lesezeit\" \/>\n\t<meta name=\"twitter:data1\" content=\"2\u00a0Minuten\" \/>\n<script type=\"application\/ld+json\" class=\"yoast-schema-graph\">{\"@context\":\"https:\\\/\\\/schema.org\",\"@graph\":[{\"@type\":\"WebPage\",\"@id\":\"https:\\\/\\\/donvital.de\\\/?page_id=1418\",\"url\":\"https:\\\/\\\/donvital.de\\\/?page_id=1418\",\"name\":\"Don Vital Clementinen | Geschmack und Frische aus Andalusien\",\"isPartOf\":{\"@id\":\"https:\\\/\\\/donvital.de\\\/#website\"},\"primaryImageOfPage\":{\"@id\":\"https:\\\/\\\/donvital.de\\\/?page_id=1418#primaryimage\"},\"image\":{\"@id\":\"https:\\\/\\\/donvital.de\\\/?page_id=1418#primaryimage\"},\"thumbnailUrl\":\"http:\\\/\\\/donvital.de\\\/wp-content\\\/uploads\\\/2024\\\/11\\\/P1060134-1.jpg\",\"datePublished\":\"2024-11-15T05:05:17+00:00\",\"dateModified\":\"2024-11-18T04:31:31+00:00\",\"description\":\"Entdecken Sie Don Vital Clementinen aus Andalusien: Saftig und frisch, ideal f\u00fcr Ihre Gesundheit und einzigartigen Genuss.\",\"breadcrumb\":{\"@id\":\"https:\\\/\\\/donvital.de\\\/?page_id=1418#breadcrumb\"},\"inLanguage\":\"de\",\"potentialAction\":[{\"@type\":\"ReadAction\",\"target\":[\"https:\\\/\\\/donvital.de\\\/?page_id=1418\"]}]},{\"@type\":\"ImageObject\",\"inLanguage\":\"de\",\"@id\":\"https:\\\/\\\/donvital.de\\\/?page_id=1418#primaryimage\",\"url\":\"https:\\\/\\\/donvital.de\\\/wp-content\\\/uploads\\\/2024\\\/11\\\/P1060134-1.jpg\",\"contentUrl\":\"https:\\\/\\\/donvital.de\\\/wp-content\\\/uploads\\\/2024\\\/11\\\/P1060134-1.jpg\",\"width\":500,\"height\":375,\"caption\":\"Reife Clementinen an den Zweigen, angebaut von Don Vital in Andalusien\"},{\"@type\":\"BreadcrumbList\",\"@id\":\"https:\\\/\\\/donvital.de\\\/?page_id=1418#breadcrumb\",\"itemListElement\":[{\"@type\":\"ListItem\",\"position\":1,\"name\":\"Portada\",\"item\":\"https:\\\/\\\/donvital.de\\\/\"},{\"@type\":\"ListItem\",\"position\":2,\"name\":\"Clementinen\"}]},{\"@type\":\"WebSite\",\"@id\":\"https:\\\/\\\/donvital.de\\\/#website\",\"url\":\"https:\\\/\\\/donvital.de\\\/\",\"name\":\"Don Vital\",\"description\":\"Qualit\u00e4tsprodukte aus Andalusien\",\"publisher\":{\"@id\":\"https:\\\/\\\/donvital.de\\\/#organization\"},\"potentialAction\":[{\"@type\":\"SearchAction\",\"target\":{\"@type\":\"EntryPoint\",\"urlTemplate\":\"https:\\\/\\\/donvital.de\\\/?s={search_term_string}\"},\"query-input\":{\"@type\":\"PropertyValueSpecification\",\"valueRequired\":true,\"valueName\":\"search_term_string\"}}],\"inLanguage\":\"de\"},{\"@type\":\"Organization\",\"@id\":\"https:\\\/\\\/donvital.de\\\/#organization\",\"name\":\"Don Vital\",\"url\":\"https:\\\/\\\/donvital.de\\\/\",\"logo\":{\"@type\":\"ImageObject\",\"inLanguage\":\"de\",\"@id\":\"https:\\\/\\\/donvital.de\\\/#\\\/schema\\\/logo\\\/image\\\/\",\"url\":\"https:\\\/\\\/donvital.de\\\/wp-content\\\/uploads\\\/2024\\\/11\\\/cropped-logo-u214.png\",\"contentUrl\":\"https:\\\/\\\/donvital.de\\\/wp-content\\\/uploads\\\/2024\\\/11\\\/cropped-logo-u214.png\",\"width\":281,\"height\":104,\"caption\":\"Don Vital\"},\"image\":{\"@id\":\"https:\\\/\\\/donvital.de\\\/#\\\/schema\\\/logo\\\/image\\\/\"}}]}<\/script>\n<!-- \/ Yoast SEO plugin. -->","yoast_head_json":{"title":"Don Vital Clementinen | Geschmack und Frische aus Andalusien","description":"Entdecken Sie Don Vital Clementinen aus Andalusien: Saftig und frisch, ideal f\u00fcr Ihre Gesundheit und einzigartigen Genuss.","robots":{"index":"index","follow":"follow","max-snippet":"max-snippet:-1","max-image-preview":"max-image-preview:large","max-video-preview":"max-video-preview:-1"},"canonical":"https:\/\/donvital.de\/?page_id=1418","og_locale":"de_DE","og_type":"article","og_title":"Don Vital Clementinen | Geschmack und Frische aus Andalusien","og_description":"Entdecken Sie Don Vital Clementinen aus Andalusien: Saftig und frisch, ideal f\u00fcr Ihre Gesundheit und einzigartigen Genuss.","og_url":"https:\/\/donvital.de\/?page_id=1418","og_site_name":"Don Vital","article_modified_time":"2024-11-18T04:31:31+00:00","og_image":[{"url":"http:\/\/donvital.de\/wp-content\/uploads\/2024\/11\/P1060134-1.jpg","type":"","width":"","height":""}],"twitter_card":"summary_large_image","twitter_misc":{"Gesch\u00e4tzte Lesezeit":"2\u00a0Minuten"},"schema":{"@context":"https:\/\/schema.org","@graph":[{"@type":"WebPage","@id":"https:\/\/donvital.de\/?page_id=1418","url":"https:\/\/donvital.de\/?page_id=1418","name":"Don Vital Clementinen | Geschmack und Frische aus Andalusien","isPartOf":{"@id":"https:\/\/donvital.de\/#website"},"primaryImageOfPage":{"@id":"https:\/\/donvital.de\/?page_id=1418#primaryimage"},"image":{"@id":"https:\/\/donvital.de\/?page_id=1418#primaryimage"},"thumbnailUrl":"http:\/\/donvital.de\/wp-content\/uploads\/2024\/11\/P1060134-1.jpg","datePublished":"2024-11-15T05:05:17+00:00","dateModified":"2024-11-18T04:31:31+00:00","description":"Entdecken Sie Don Vital Clementinen aus Andalusien: Saftig und frisch, ideal f\u00fcr Ihre Gesundheit und einzigartigen Genuss.","breadcrumb":{"@id":"https:\/\/donvital.de\/?page_id=1418#breadcrumb"},"inLanguage":"de","potentialAction":[{"@type":"ReadAction","target":["https:\/\/donvital.de\/?page_id=1418"]}]},{"@type":"ImageObject","inLanguage":"de","@id":"https:\/\/donvital.de\/?page_id=1418#primaryimage","url":"https:\/\/donvital.de\/wp-content\/uploads\/2024\/11\/P1060134-1.jpg","contentUrl":"https:\/\/donvital.de\/wp-content\/uploads\/2024\/11\/P1060134-1.jpg","width":500,"height":375,"caption":"Reife Clementinen an den Zweigen, angebaut von Don Vital in Andalusien"},{"@type":"BreadcrumbList","@id":"https:\/\/donvital.de\/?page_id=1418#breadcrumb","itemListElement":[{"@type":"ListItem","position":1,"name":"Portada","item":"https:\/\/donvital.de\/"},{"@type":"ListItem","position":2,"name":"Clementinen"}]},{"@type":"WebSite","@id":"https:\/\/donvital.de\/#website","url":"https:\/\/donvital.de\/","name":"Don Vital","description":"Qualit\u00e4tsprodukte aus Andalusien","publisher":{"@id":"https:\/\/donvital.de\/#organization"},"potentialAction":[{"@type":"SearchAction","target":{"@type":"EntryPoint","urlTemplate":"https:\/\/donvital.de\/?s={search_term_string}"},"query-input":{"@type":"PropertyValueSpecification","valueRequired":true,"valueName":"search_term_string"}}],"inLanguage":"de"},{"@type":"Organization","@id":"https:\/\/donvital.de\/#organization","name":"Don Vital","url":"https:\/\/donvital.de\/","logo":{"@type":"ImageObject","inLanguage":"de","@id":"https:\/\/donvital.de\/#\/schema\/logo\/image\/","url":"https:\/\/donvital.de\/wp-content\/uploads\/2024\/11\/cropped-logo-u214.png","contentUrl":"https:\/\/donvital.de\/wp-content\/uploads\/2024\/11\/cropped-logo-u214.png","width":281,"height":104,"caption":"Don Vital"},"image":{"@id":"https:\/\/donvital.de\/#\/schema\/logo\/image\/"}}]}},"_links":{"self":[{"href":"https:\/\/donvital.de\/index.php?rest_route=\/wp\/v2\/pages\/1418","targetHints":{"allow":["GET"]}}],"collection":[{"href":"https:\/\/donvital.de\/index.php?rest_route=\/wp\/v2\/pages"}],"about":[{"href":"https:\/\/donvital.de\/index.php?rest_route=\/wp\/v2\/types\/page"}],"author":[{"embeddable":true,"href":"https:\/\/donvital.de\/index.php?rest_route=\/wp\/v2\/users\/1"}],"replies":[{"embeddable":true,"href":"https:\/\/donvital.de\/index.php?rest_route=%2Fwp%2Fv2%2Fcomments&post=1418"}],"version-history":[{"count":13,"href":"https:\/\/donvital.de\/index.php?rest_route=\/wp\/v2\/pages\/1418\/revisions"}],"predecessor-version":[{"id":2381,"href":"https:\/\/donvital.de\/index.php?rest_route=\/wp\/v2\/pages\/1418\/revisions\/2381"}],"wp:attachment":[{"href":"https:\/\/donvital.de\/index.php?rest_route=%2Fwp%2Fv2%2Fmedia&parent=1418"}],"curies":[{"name":"wp","href":"https:\/\/api.w.org\/{rel}","templated":true}]}}