{"id":355,"date":"2016-09-24T14:40:14","date_gmt":"2016-09-24T14:40:14","guid":{"rendered":"http:\/\/fitness2.mythemecloud.io\/?page_id=355"},"modified":"2025-12-01T08:07:49","modified_gmt":"2025-12-01T07:07:49","slug":"home","status":"publish","type":"page","link":"https:\/\/donvital.de\/","title":{"rendered":"Home"},"content":{"rendered":"\t\t<div data-elementor-type=\"wp-post\" data-elementor-id=\"355\" class=\"elementor elementor-355\">\n\t\t\t\t<div class=\"elementor-element elementor-element-51ea9f8 e-con-full e-flex e-con e-parent\" data-id=\"51ea9f8\" data-element_type=\"container\" data-e-type=\"container\" data-settings=\"{&quot;background_background&quot;:&quot;classic&quot;}\">\n\t\t\t\t<\/div>\n\t\t<div class=\"elementor-element elementor-element-31a6df6 e-flex e-con-boxed e-con e-parent\" data-id=\"31a6df6\" data-element_type=\"container\" data-e-type=\"container\">\n\t\t\t\t\t<div class=\"e-con-inner\">\n\t\t<div class=\"elementor-element elementor-element-2e30c7d e-con-full e-flex e-con e-child\" data-id=\"2e30c7d\" data-element_type=\"container\" data-e-type=\"container\">\n\t\t\t\t<div class=\"elementor-element elementor-element-b713c75 bienvenida-encabezado elementor-widget elementor-widget-heading\" data-id=\"b713c75\" data-element_type=\"widget\" data-e-type=\"widget\" data-widget_type=\"heading.default\">\n\t\t\t\t<div class=\"elementor-widget-container\">\n\t\t\t\t\t<h1 class=\"elementor-heading-title elementor-size-default\">Willkommen <span class=\"don\">\u2013Bien Venido A Don<\/span> <span class=\"vital\">Vital<\/span><span class=\"don\">!<\/span><\/h1>\t\t\t\t<\/div>\n\t\t\t\t<\/div>\n\t\t\t\t<\/div>\n\t\t<div class=\"elementor-element elementor-element-0922bff e-con-full e-flex e-con e-child\" data-id=\"0922bff\" data-element_type=\"container\" data-e-type=\"container\">\n\t\t\t\t<div class=\"elementor-element elementor-element-48064ad elementor-widget elementor-widget-heading\" data-id=\"48064ad\" data-element_type=\"widget\" data-e-type=\"widget\" data-widget_type=\"heading.default\">\n\t\t\t\t<div class=\"elementor-widget-container\">\n\t\t\t\t\t<h2 class=\"elementor-heading-title elementor-size-default\">Qualit\u00e4tsprodukte aus Andalusien<\/h2>\t\t\t\t<\/div>\n\t\t\t\t<\/div>\n\t\t\t\t<div class=\"elementor-element elementor-element-429f9dc elementor-widget elementor-widget-heading\" data-id=\"429f9dc\" data-element_type=\"widget\" data-e-type=\"widget\" data-widget_type=\"heading.default\">\n\t\t\t\t<div class=\"elementor-widget-container\">\n\t\t\t\t\t<h2 class=\"elementor-heading-title elementor-size-default\"><strong data-start=\"252\" data-end=\"264\">Achtung:<\/strong> Die Orangen- und Clementinen-Saison startet <strong data-start=\"309\" data-end=\"333\">heute, am 01.12.2025<\/strong> \u2013 ab sofort sind sie wieder bei uns erh\u00e4ltlich! <\/h2>\t\t\t\t<\/div>\n\t\t\t\t<\/div>\n\t\t\t\t<\/div>\n\t\t<div class=\"elementor-element elementor-element-1ac8056 e-con-full e-flex e-con e-child\" data-id=\"1ac8056\" data-element_type=\"container\" data-e-type=\"container\">\n\t\t\t\t<div class=\"elementor-element elementor-element-1711745 elementor-widget elementor-widget-image\" data-id=\"1711745\" data-element_type=\"widget\" data-e-type=\"widget\" data-widget_type=\"image.default\">\n\t\t\t\t<div class=\"elementor-widget-container\">\n\t\t\t\t\t\t\t\t\t\t\t\t\t\t\t<img fetchpriority=\"high\" decoding=\"async\" width=\"394\" height=\"305\" src=\"https:\/\/donvital.de\/wp-content\/uploads\/2024\/11\/Fotolia_42356863_XS.png\" class=\"attachment-large size-large wp-image-1103\" alt=\"Bild von zwei ganzen Orangen und einer H\u00e4lfte Orange mit Orangenbl\u00fcten\" srcset=\"https:\/\/donvital.de\/wp-content\/uploads\/2024\/11\/Fotolia_42356863_XS.png 394w, https:\/\/donvital.de\/wp-content\/uploads\/2024\/11\/Fotolia_42356863_XS-300x232.png 300w\" sizes=\"(max-width: 394px) 100vw, 394px\" \/>\t\t\t\t\t\t\t\t\t\t\t\t\t\t\t<\/div>\n\t\t\t\t<\/div>\n\t\t\t\t<\/div>\n\t\t\t\t\t<\/div>\n\t\t\t\t<\/div>\n\t\t<div class=\"elementor-element elementor-element-a3f53eb e-flex e-con-boxed e-con e-parent\" data-id=\"a3f53eb\" data-element_type=\"container\" data-e-type=\"container\" data-settings=\"{&quot;background_background&quot;:&quot;classic&quot;}\">\n\t\t\t\t\t<div class=\"e-con-inner\">\n\t\t<div class=\"elementor-element elementor-element-94de25d e-con-full e-flex e-con e-child\" data-id=\"94de25d\" data-element_type=\"container\" data-e-type=\"container\">\n\t\t\t\t<div class=\"elementor-element elementor-element-d73b435 bienvenida-encabezado elementor-widget elementor-widget-heading\" data-id=\"d73b435\" data-element_type=\"widget\" data-e-type=\"widget\" data-widget_type=\"heading.default\">\n\t\t\t\t<div class=\"elementor-widget-container\">\n\t\t\t\t\t<h2 class=\"elementor-heading-title elementor-size-default\"><span class=\"don\">Im<\/span> Sinne dieser Philosophie<\/h2>\t\t\t\t<\/div>\n\t\t\t\t<\/div>\n\t\t\t\t<div class=\"elementor-element elementor-element-3799eea bienvenida-encabezado elementor-widget elementor-widget-text-editor\" data-id=\"3799eea\" data-element_type=\"widget\" data-e-type=\"widget\" data-widget_type=\"text-editor.default\">\n\t\t\t\t<div class=\"elementor-widget-container\">\n\t\t\t\t\t\t\t\t\tist es f\u00fcr uns selbstverst\u00e4ndlich, die Natur nachhaltig zu sch\u00fctzen und den flei\u00dfigen Bauern f\u00fcr Ihre Qualit\u00e4ts-Fr\u00fcchte dementsprechend zu entlohnen. Diese Qualit\u00e4ts-Fr\u00fcchte vertreibt die Familie Bernauer exklusiv unter der Marke \u201e<span class=\"don\">Don<\/span> <span class=\"vital\">Vital<\/span>\u201c.\t\t\t\t\t\t\t\t<\/div>\n\t\t\t\t<\/div>\n\t\t\t\t<\/div>\n\t\t<div class=\"elementor-element elementor-element-26d0bd8 e-con-full e-flex e-con e-child\" data-id=\"26d0bd8\" data-element_type=\"container\" data-e-type=\"container\" data-settings=\"{&quot;background_background&quot;:&quot;classic&quot;}\">\n\t\t\t\t<div class=\"elementor-element elementor-element-3c706c9 bienvenida-encabezado elementor-widget elementor-widget-heading\" data-id=\"3c706c9\" data-element_type=\"widget\" data-e-type=\"widget\" data-widget_type=\"heading.default\">\n\t\t\t\t<div class=\"elementor-widget-container\">\n\t\t\t\t\t<h2 class=\"elementor-heading-title elementor-size-default\"><span class=\"don\">Das<\/span> oberste Ziel<\/h2>\t\t\t\t<\/div>\n\t\t\t\t<\/div>\n\t\t\t\t<div class=\"elementor-element elementor-element-be29b54 bienvenida-encabezado elementor-widget elementor-widget-text-editor\" data-id=\"be29b54\" data-element_type=\"widget\" data-e-type=\"widget\" data-widget_type=\"text-editor.default\">\n\t\t\t\t<div class=\"elementor-widget-container\">\n\t\t\t\t\t\t\t\t\tvon\u00a0\u201e<span class=\"don\">Don <\/span> <span class=\"vital\">Vital<\/span>\u201c ist es, dem Verbraucher gesunde und geschmacklich vollendete Orangen und Clementinen direkt vom spanischen Bauern ohne Zeit- und Qualit\u00e4tsverlust durch Zwischenh\u00e4ndler und -lagerung anzubieten.\t\t\t\t\t\t\t\t<\/div>\n\t\t\t\t<\/div>\n\t\t\t\t<\/div>\n\t\t\t\t\t<\/div>\n\t\t\t\t<\/div>\n\t\t<div class=\"elementor-element elementor-element-275640b e-con-full e-flex e-con e-parent\" data-id=\"275640b\" data-element_type=\"container\" data-e-type=\"container\" data-settings=\"{&quot;background_background&quot;:&quot;classic&quot;}\">\n\t\t\t\t<\/div>\n\t\t\t\t<\/div>\n\t\t","protected":false},"excerpt":{"rendered":"<p>Willkommen \u2013Bien Venido A Don Vital! Qualit\u00e4tsprodukte aus Andalusien Achtung: Die Orangen- und Clementinen-Saison startet heute, am 01.12.2025 \u2013 ab sofort sind sie wieder bei uns erh\u00e4ltlich! Im Sinne dieser Philosophie ist es f\u00fcr uns selbstverst\u00e4ndlich, die Natur nachhaltig zu sch\u00fctzen und den flei\u00dfigen Bauern f\u00fcr Ihre Qualit\u00e4ts-Fr\u00fcchte dementsprechend zu entlohnen. Diese Qualit\u00e4ts-Fr\u00fcchte vertreibt die [&hellip;]<\/p>\n","protected":false},"author":1,"featured_media":0,"parent":0,"menu_order":0,"comment_status":"closed","ping_status":"closed","template":"","meta":{"ocean_post_layout":"full-screen","ocean_both_sidebars_style":"","ocean_both_sidebars_content_width":0,"ocean_both_sidebars_sidebars_width":0,"ocean_sidebar":"","ocean_second_sidebar":"","ocean_disable_margins":"on","ocean_add_body_class":"","ocean_shortcode_before_top_bar":"","ocean_shortcode_after_top_bar":"","ocean_shortcode_before_header":"","ocean_shortcode_after_header":"","ocean_has_shortcode":"","ocean_shortcode_after_title":"","ocean_shortcode_before_footer_widgets":"","ocean_shortcode_after_footer_widgets":"","ocean_shortcode_before_footer_bottom":"","ocean_shortcode_after_footer_bottom":"","ocean_display_top_bar":"default","ocean_display_header":"default","ocean_header_style":"","ocean_center_header_left_menu":"","ocean_custom_header_template":"","ocean_custom_logo":0,"ocean_custom_retina_logo":0,"ocean_custom_logo_max_width":0,"ocean_custom_logo_tablet_max_width":0,"ocean_custom_logo_mobile_max_width":0,"ocean_custom_logo_max_height":0,"ocean_custom_logo_tablet_max_height":0,"ocean_custom_logo_mobile_max_height":0,"ocean_header_custom_menu":"","ocean_menu_typo_font_family":"","ocean_menu_typo_font_subset":"","ocean_menu_typo_font_size":0,"ocean_menu_typo_font_size_tablet":0,"ocean_menu_typo_font_size_mobile":0,"ocean_menu_typo_font_size_unit":"px","ocean_menu_typo_font_weight":"","ocean_menu_typo_font_weight_tablet":"","ocean_menu_typo_font_weight_mobile":"","ocean_menu_typo_transform":"","ocean_menu_typo_transform_tablet":"","ocean_menu_typo_transform_mobile":"","ocean_menu_typo_line_height":0,"ocean_menu_typo_line_height_tablet":0,"ocean_menu_typo_line_height_mobile":0,"ocean_menu_typo_line_height_unit":"","ocean_menu_typo_spacing":0,"ocean_menu_typo_spacing_tablet":0,"ocean_menu_typo_spacing_mobile":0,"ocean_menu_typo_spacing_unit":"","ocean_menu_link_color":"","ocean_menu_link_color_hover":"","ocean_menu_link_color_active":"","ocean_menu_link_background":"","ocean_menu_link_hover_background":"","ocean_menu_link_active_background":"","ocean_menu_social_links_bg":"","ocean_menu_social_hover_links_bg":"","ocean_menu_social_links_color":"","ocean_menu_social_hover_links_color":"","ocean_disable_title":"on","ocean_disable_heading":"default","ocean_post_title":"","ocean_post_subheading":"","ocean_post_title_style":"","ocean_post_title_background_color":"","ocean_post_title_background":0,"ocean_post_title_bg_image_position":"","ocean_post_title_bg_image_attachment":"","ocean_post_title_bg_image_repeat":"","ocean_post_title_bg_image_size":"","ocean_post_title_height":0,"ocean_post_title_bg_overlay":0.5,"ocean_post_title_bg_overlay_color":"","ocean_disable_breadcrumbs":"default","ocean_breadcrumbs_color":"","ocean_breadcrumbs_separator_color":"","ocean_breadcrumbs_links_color":"","ocean_breadcrumbs_links_hover_color":"","ocean_display_footer_widgets":"default","ocean_display_footer_bottom":"default","ocean_custom_footer_template":"","footnotes":""},"class_list":["post-355","page","type-page","status-publish","hentry","entry"],"yoast_head":"<!-- This site is optimized with the Yoast SEO plugin v27.5 - https:\/\/yoast.com\/product\/yoast-seo-wordpress\/ -->\n<title>Frisches Obst aus Andalusien | Hochwertige Orangen und Clement<\/title>\n<meta name=\"description\" content=\"Willkommen bei Don Vital! Frisches Obst aus Andalusien: saftige Orangen und Clementinen bester Qualit\u00e4t f\u00fcr Ihren Genuss.\" \/>\n<meta name=\"robots\" content=\"index, follow, max-snippet:-1, max-image-preview:large, max-video-preview:-1\" \/>\n<link rel=\"canonical\" href=\"https:\/\/donvital.de\/\" \/>\n<meta property=\"og:locale\" content=\"de_DE\" \/>\n<meta property=\"og:type\" content=\"article\" \/>\n<meta property=\"og:title\" content=\"Frisches Obst aus Andalusien | Hochwertige Orangen und Clement\" \/>\n<meta property=\"og:description\" content=\"Willkommen bei Don Vital! Frisches Obst aus Andalusien: saftige Orangen und Clementinen bester Qualit\u00e4t f\u00fcr Ihren Genuss.\" \/>\n<meta property=\"og:url\" content=\"https:\/\/donvital.de\/\" \/>\n<meta property=\"og:site_name\" content=\"Don Vital\" \/>\n<meta property=\"article:modified_time\" content=\"2025-12-01T07:07:49+00:00\" \/>\n<meta property=\"og:image\" content=\"https:\/\/donvital.de\/wp-content\/uploads\/2024\/11\/Fotolia_42356863_XS.png\" \/>\n\t<meta property=\"og:image:width\" content=\"394\" \/>\n\t<meta property=\"og:image:height\" content=\"305\" \/>\n\t<meta property=\"og:image:type\" content=\"image\/png\" \/>\n<meta name=\"twitter:card\" content=\"summary_large_image\" \/>\n<meta name=\"twitter:label1\" content=\"Gesch\u00e4tzte Lesezeit\" \/>\n\t<meta name=\"twitter:data1\" content=\"1\u00a0Minute\" \/>\n<script type=\"application\/ld+json\" class=\"yoast-schema-graph\">{\"@context\":\"https:\\\/\\\/schema.org\",\"@graph\":[{\"@type\":\"WebPage\",\"@id\":\"https:\\\/\\\/donvital.de\\\/\",\"url\":\"https:\\\/\\\/donvital.de\\\/\",\"name\":\"Frisches Obst aus Andalusien | Hochwertige Orangen und Clement\",\"isPartOf\":{\"@id\":\"https:\\\/\\\/donvital.de\\\/#website\"},\"primaryImageOfPage\":{\"@id\":\"https:\\\/\\\/donvital.de\\\/#primaryimage\"},\"image\":{\"@id\":\"https:\\\/\\\/donvital.de\\\/#primaryimage\"},\"thumbnailUrl\":\"https:\\\/\\\/donvital.de\\\/wp-content\\\/uploads\\\/2024\\\/11\\\/Fotolia_42356863_XS.png\",\"datePublished\":\"2016-09-24T14:40:14+00:00\",\"dateModified\":\"2025-12-01T07:07:49+00:00\",\"description\":\"Willkommen bei Don Vital! Frisches Obst aus Andalusien: saftige Orangen und Clementinen bester Qualit\u00e4t f\u00fcr Ihren Genuss.\",\"breadcrumb\":{\"@id\":\"https:\\\/\\\/donvital.de\\\/#breadcrumb\"},\"inLanguage\":\"de\",\"potentialAction\":[{\"@type\":\"ReadAction\",\"target\":[\"https:\\\/\\\/donvital.de\\\/\"]}]},{\"@type\":\"ImageObject\",\"inLanguage\":\"de\",\"@id\":\"https:\\\/\\\/donvital.de\\\/#primaryimage\",\"url\":\"https:\\\/\\\/donvital.de\\\/wp-content\\\/uploads\\\/2024\\\/11\\\/Fotolia_42356863_XS.png\",\"contentUrl\":\"https:\\\/\\\/donvital.de\\\/wp-content\\\/uploads\\\/2024\\\/11\\\/Fotolia_42356863_XS.png\",\"width\":394,\"height\":305,\"caption\":\"Frische Orangen, geerntet von Don Vital, zusammen mit Orangenbl\u00fcten\"},{\"@type\":\"BreadcrumbList\",\"@id\":\"https:\\\/\\\/donvital.de\\\/#breadcrumb\",\"itemListElement\":[{\"@type\":\"ListItem\",\"position\":1,\"name\":\"Portada\",\"item\":\"https:\\\/\\\/donvital.de\\\/\"},{\"@type\":\"ListItem\",\"position\":2,\"name\":\"Home\"}]},{\"@type\":\"WebSite\",\"@id\":\"https:\\\/\\\/donvital.de\\\/#website\",\"url\":\"https:\\\/\\\/donvital.de\\\/\",\"name\":\"Don Vital\",\"description\":\"Qualit\u00e4tsprodukte aus Andalusien\",\"publisher\":{\"@id\":\"https:\\\/\\\/donvital.de\\\/#organization\"},\"potentialAction\":[{\"@type\":\"SearchAction\",\"target\":{\"@type\":\"EntryPoint\",\"urlTemplate\":\"https:\\\/\\\/donvital.de\\\/?s={search_term_string}\"},\"query-input\":{\"@type\":\"PropertyValueSpecification\",\"valueRequired\":true,\"valueName\":\"search_term_string\"}}],\"inLanguage\":\"de\"},{\"@type\":\"Organization\",\"@id\":\"https:\\\/\\\/donvital.de\\\/#organization\",\"name\":\"Don Vital\",\"url\":\"https:\\\/\\\/donvital.de\\\/\",\"logo\":{\"@type\":\"ImageObject\",\"inLanguage\":\"de\",\"@id\":\"https:\\\/\\\/donvital.de\\\/#\\\/schema\\\/logo\\\/image\\\/\",\"url\":\"https:\\\/\\\/donvital.de\\\/wp-content\\\/uploads\\\/2024\\\/11\\\/cropped-logo-u214.png\",\"contentUrl\":\"https:\\\/\\\/donvital.de\\\/wp-content\\\/uploads\\\/2024\\\/11\\\/cropped-logo-u214.png\",\"width\":281,\"height\":104,\"caption\":\"Don Vital\"},\"image\":{\"@id\":\"https:\\\/\\\/donvital.de\\\/#\\\/schema\\\/logo\\\/image\\\/\"}}]}<\/script>\n<!-- \/ Yoast SEO plugin. -->","yoast_head_json":{"title":"Frisches Obst aus Andalusien | Hochwertige Orangen und Clement","description":"Willkommen bei Don Vital! Frisches Obst aus Andalusien: saftige Orangen und Clementinen bester Qualit\u00e4t f\u00fcr Ihren Genuss.","robots":{"index":"index","follow":"follow","max-snippet":"max-snippet:-1","max-image-preview":"max-image-preview:large","max-video-preview":"max-video-preview:-1"},"canonical":"https:\/\/donvital.de\/","og_locale":"de_DE","og_type":"article","og_title":"Frisches Obst aus Andalusien | Hochwertige Orangen und Clement","og_description":"Willkommen bei Don Vital! Frisches Obst aus Andalusien: saftige Orangen und Clementinen bester Qualit\u00e4t f\u00fcr Ihren Genuss.","og_url":"https:\/\/donvital.de\/","og_site_name":"Don Vital","article_modified_time":"2025-12-01T07:07:49+00:00","og_image":[{"width":394,"height":305,"url":"https:\/\/donvital.de\/wp-content\/uploads\/2024\/11\/Fotolia_42356863_XS.png","type":"image\/png"}],"twitter_card":"summary_large_image","twitter_misc":{"Gesch\u00e4tzte Lesezeit":"1\u00a0Minute"},"schema":{"@context":"https:\/\/schema.org","@graph":[{"@type":"WebPage","@id":"https:\/\/donvital.de\/","url":"https:\/\/donvital.de\/","name":"Frisches Obst aus Andalusien | Hochwertige Orangen und Clement","isPartOf":{"@id":"https:\/\/donvital.de\/#website"},"primaryImageOfPage":{"@id":"https:\/\/donvital.de\/#primaryimage"},"image":{"@id":"https:\/\/donvital.de\/#primaryimage"},"thumbnailUrl":"https:\/\/donvital.de\/wp-content\/uploads\/2024\/11\/Fotolia_42356863_XS.png","datePublished":"2016-09-24T14:40:14+00:00","dateModified":"2025-12-01T07:07:49+00:00","description":"Willkommen bei Don Vital! Frisches Obst aus Andalusien: saftige Orangen und Clementinen bester Qualit\u00e4t f\u00fcr Ihren Genuss.","breadcrumb":{"@id":"https:\/\/donvital.de\/#breadcrumb"},"inLanguage":"de","potentialAction":[{"@type":"ReadAction","target":["https:\/\/donvital.de\/"]}]},{"@type":"ImageObject","inLanguage":"de","@id":"https:\/\/donvital.de\/#primaryimage","url":"https:\/\/donvital.de\/wp-content\/uploads\/2024\/11\/Fotolia_42356863_XS.png","contentUrl":"https:\/\/donvital.de\/wp-content\/uploads\/2024\/11\/Fotolia_42356863_XS.png","width":394,"height":305,"caption":"Frische Orangen, geerntet von Don Vital, zusammen mit Orangenbl\u00fcten"},{"@type":"BreadcrumbList","@id":"https:\/\/donvital.de\/#breadcrumb","itemListElement":[{"@type":"ListItem","position":1,"name":"Portada","item":"https:\/\/donvital.de\/"},{"@type":"ListItem","position":2,"name":"Home"}]},{"@type":"WebSite","@id":"https:\/\/donvital.de\/#website","url":"https:\/\/donvital.de\/","name":"Don Vital","description":"Qualit\u00e4tsprodukte aus Andalusien","publisher":{"@id":"https:\/\/donvital.de\/#organization"},"potentialAction":[{"@type":"SearchAction","target":{"@type":"EntryPoint","urlTemplate":"https:\/\/donvital.de\/?s={search_term_string}"},"query-input":{"@type":"PropertyValueSpecification","valueRequired":true,"valueName":"search_term_string"}}],"inLanguage":"de"},{"@type":"Organization","@id":"https:\/\/donvital.de\/#organization","name":"Don Vital","url":"https:\/\/donvital.de\/","logo":{"@type":"ImageObject","inLanguage":"de","@id":"https:\/\/donvital.de\/#\/schema\/logo\/image\/","url":"https:\/\/donvital.de\/wp-content\/uploads\/2024\/11\/cropped-logo-u214.png","contentUrl":"https:\/\/donvital.de\/wp-content\/uploads\/2024\/11\/cropped-logo-u214.png","width":281,"height":104,"caption":"Don Vital"},"image":{"@id":"https:\/\/donvital.de\/#\/schema\/logo\/image\/"}}]}},"_links":{"self":[{"href":"https:\/\/donvital.de\/index.php?rest_route=\/wp\/v2\/pages\/355","targetHints":{"allow":["GET"]}}],"collection":[{"href":"https:\/\/donvital.de\/index.php?rest_route=\/wp\/v2\/pages"}],"about":[{"href":"https:\/\/donvital.de\/index.php?rest_route=\/wp\/v2\/types\/page"}],"author":[{"embeddable":true,"href":"https:\/\/donvital.de\/index.php?rest_route=\/wp\/v2\/users\/1"}],"replies":[{"embeddable":true,"href":"https:\/\/donvital.de\/index.php?rest_route=%2Fwp%2Fv2%2Fcomments&post=355"}],"version-history":[{"count":111,"href":"https:\/\/donvital.de\/index.php?rest_route=\/wp\/v2\/pages\/355\/revisions"}],"predecessor-version":[{"id":2423,"href":"https:\/\/donvital.de\/index.php?rest_route=\/wp\/v2\/pages\/355\/revisions\/2423"}],"wp:attachment":[{"href":"https:\/\/donvital.de\/index.php?rest_route=%2Fwp%2Fv2%2Fmedia&parent=355"}],"curies":[{"name":"wp","href":"https:\/\/api.w.org\/{rel}","templated":true}]}}